{"id":33781,"date":"2025-01-05T15:22:16","date_gmt":"2025-01-05T14:22:16","guid":{"rendered":"https:\/\/almatraveltour.com\/store\/"},"modified":"2025-04-23T10:51:00","modified_gmt":"2025-04-23T08:51:00","slug":"store","status":"publish","type":"page","link":"https:\/\/almatraveltour.com\/en\/store\/","title":{"rendered":"Store"},"content":{"rendered":"\n<h2 class=\"wp-block-heading\" id=\"h-explore-le-monde-avec-le-guide-de-voyage-qu-il-te-faut\">Explore the world with the right travel guide<\/h2>\n\n<p>Finding the best travel guide can transform your adventure. That&#8217;s why we&#8217;ve designed our guides to be clear, practical and directly downloadable. Each file is designed to help you save time and make sure you don&#8217;t miss a thing when you&#8217;re there.  <\/p>\n\n<h2 class=\"wp-block-heading\" id=\"h-des-guides-de-voyage-prets-a-l-emploi\">Ready-to-use travel guides<\/h2>\n\n<p>Each guide contains an optimized itinerary, <a href=\"https:\/\/www.instagram.com\/almatraveltour\/?hl=fr\">authentic local tips<\/a>, maps and practical information, as well as clickable links for booking.<br\/>You can consult them anywhere: on your phone, tablet or computer. No network required once downloaded. Everything is designed for the independent and curious traveler.  <\/p>\n\n<h2 class=\"wp-block-heading\" id=\"h-pourquoi-choisir-nos-guides-de-voyages\">Why choose our travel guides<\/h2>\n\n<p>Unlike conventional guides, our files are 100% digital, lightweight, field-tested and regularly updated.<br\/>Leaving soon? Download now the best travel guide for your next destination. <\/p>\n\n<h2 class=\"wp-block-heading\" id=\"h-decouvre-notre-collection\">Discover our collection<\/h2>\n\n<p>Guides for <a href=\"https:\/\/almatraveltour.com\/produit\/e-book-islande\/\">Iceland<\/a>, the <a href=\"https:\/\/almatraveltour.com\/produit\/e-book-philippines\/\">Philippines<\/a>, Greece &#8230; and many other countries are coming soon.<br\/>Whether you&#8217;re a backpacker or a lover of fine addresses, you&#8217;ll find the travel guide that&#8217;s right for you.<\/p>\n\n<h2 class=\"wp-block-heading\">Style your photos in seconds<\/h2>\n\n<p>Transform your images today with our Lightroom presets. Designed to bring out the best in your travel memories, they help you achieve professional results without wasting time. All it takes is one click to reveal the full potential of your shots.  <\/p>\n\n<p>Because every destination has its own light, we&#8217;ve created packs to suit every environment: tropical beaches, Nordic landscapes, lush jungles or urban alleyways.<\/p>\n\n<p>What&#8217;s more, they&#8217;re easy to use, whether on the computer or on your mobile. Installation is fast, and rendering is immediate. <\/p>\n\n<p>Finally, if you already use a <strong>travel guide<\/strong> to plan your itinerary, these presets will be the perfect complement to capture every moment in style.<\/p>\n\n<p><\/p>\n","protected":false},"excerpt":{"rendered":"<p>Explore the world with the right travel guide Finding the best travel guide can transform your adventure. That&#8217;s why we&#8217;ve [&hellip;]<\/p>\n","protected":false},"author":1,"featured_media":0,"parent":0,"menu_order":0,"comment_status":"closed","ping_status":"closed","template":"","meta":{"site-sidebar-layout":"default","site-content-layout":"","ast-site-content-layout":"default","site-content-style":"default","site-sidebar-style":"default","ast-global-header-display":"","ast-banner-title-visibility":"","ast-main-header-display":"","ast-hfb-above-header-display":"","ast-hfb-below-header-display":"","ast-hfb-mobile-header-display":"","site-post-title":"","ast-breadcrumbs-content":"","ast-featured-img":"","footer-sml-layout":"","ast-disable-related-posts":"","theme-transparent-header-meta":"","adv-header-id-meta":"","stick-header-meta":"","header-above-stick-meta":"","header-main-stick-meta":"","header-below-stick-meta":"","astra-migrate-meta-layouts":"default","ast-page-background-enabled":"default","ast-page-background-meta":{"desktop":{"background-color":"var(--ast-global-color-4)","background-image":"","background-repeat":"repeat","background-position":"center center","background-size":"auto","background-attachment":"scroll","background-type":"","background-media":"","overlay-type":"","overlay-color":"","overlay-opacity":"","overlay-gradient":""},"tablet":{"background-color":"","background-image":"","background-repeat":"repeat","background-position":"center center","background-size":"auto","background-attachment":"scroll","background-type":"","background-media":"","overlay-type":"","overlay-color":"","overlay-opacity":"","overlay-gradient":""},"mobile":{"background-color":"","background-image":"","background-repeat":"repeat","background-position":"center center","background-size":"auto","background-attachment":"scroll","background-type":"","background-media":"","overlay-type":"","overlay-color":"","overlay-opacity":"","overlay-gradient":""}},"ast-content-background-meta":{"desktop":{"background-color":"var(--ast-global-color-5)","background-image":"","background-repeat":"repeat","background-position":"center center","background-size":"auto","background-attachment":"scroll","background-type":"","background-media":"","overlay-type":"","overlay-color":"","overlay-opacity":"","overlay-gradient":""},"tablet":{"background-color":"var(--ast-global-color-5)","background-image":"","background-repeat":"repeat","background-position":"center center","background-size":"auto","background-attachment":"scroll","background-type":"","background-media":"","overlay-type":"","overlay-color":"","overlay-opacity":"","overlay-gradient":""},"mobile":{"background-color":"var(--ast-global-color-5)","background-image":"","background-repeat":"repeat","background-position":"center center","background-size":"auto","background-attachment":"scroll","background-type":"","background-media":"","overlay-type":"","overlay-color":"","overlay-opacity":"","overlay-gradient":""}},"footnotes":""},"class_list":["post-33781","page","type-page","status-publish","hentry"],"yoast_head":"<!-- This site is optimized with the Yoast SEO Premium plugin v26.6 (Yoast SEO v27.4) - https:\/\/yoast.com\/product\/yoast-seo-premium-wordpress\/ -->\n<title>Travel guide: discover the best destinations - Almatraveltour<\/title>\n<meta name=\"description\" content=\"A travel guide for unforgettable getaways. Get ready to discover hidden treasures and iconic places.\" \/>\n<meta name=\"robots\" content=\"index, follow, max-snippet:-1, max-image-preview:large, max-video-preview:-1\" \/>\n<link rel=\"canonical\" href=\"https:\/\/almatraveltour.com\/en\/store\/\" \/>\n<meta property=\"og:locale\" content=\"en_US\" \/>\n<meta property=\"og:type\" content=\"article\" \/>\n<meta property=\"og:title\" content=\"Store\" \/>\n<meta property=\"og:description\" content=\"A travel guide for unforgettable getaways. Get ready to discover hidden treasures and iconic places.\" \/>\n<meta property=\"og:url\" content=\"https:\/\/almatraveltour.com\/en\/store\/\" \/>\n<meta property=\"og:site_name\" content=\"Almatraveltour\" \/>\n<meta property=\"article:modified_time\" content=\"2025-04-23T08:51:00+00:00\" \/>\n<meta property=\"og:image\" content=\"https:\/\/almatraveltour.com\/wp-content\/uploads\/2024\/03\/ASR9224.jpeg\" \/>\n\t<meta property=\"og:image:width\" content=\"988\" \/>\n\t<meta property=\"og:image:height\" content=\"1479\" \/>\n\t<meta property=\"og:image:type\" content=\"image\/jpeg\" \/>\n<meta name=\"twitter:card\" content=\"summary_large_image\" \/>\n<meta name=\"twitter:label1\" content=\"Est. reading time\" \/>\n\t<meta name=\"twitter:data1\" content=\"1 minute\" \/>\n<script type=\"application\/ld+json\" class=\"yoast-schema-graph\">{\"@context\":\"https:\\\/\\\/schema.org\",\"@graph\":[{\"@type\":\"WebPage\",\"@id\":\"https:\\\/\\\/almatraveltour.com\\\/en\\\/store\\\/\",\"url\":\"https:\\\/\\\/almatraveltour.com\\\/en\\\/store\\\/\",\"name\":\"Travel guide: discover the best destinations - Almatraveltour\",\"isPartOf\":{\"@id\":\"https:\\\/\\\/almatraveltour.com\\\/en\\\/#website\"},\"datePublished\":\"2025-01-05T14:22:16+00:00\",\"dateModified\":\"2025-04-23T08:51:00+00:00\",\"description\":\"A travel guide for unforgettable getaways. Get ready to discover hidden treasures and iconic places.\",\"breadcrumb\":{\"@id\":\"https:\\\/\\\/almatraveltour.com\\\/en\\\/store\\\/#breadcrumb\"},\"inLanguage\":\"en-US\",\"potentialAction\":[{\"@type\":\"ReadAction\",\"target\":[\"https:\\\/\\\/almatraveltour.com\\\/en\\\/store\\\/\"]}]},{\"@type\":\"BreadcrumbList\",\"@id\":\"https:\\\/\\\/almatraveltour.com\\\/en\\\/store\\\/#breadcrumb\",\"itemListElement\":[{\"@type\":\"ListItem\",\"position\":1,\"name\":\"Accueil\",\"item\":\"https:\\\/\\\/almatraveltour.com\\\/en\\\/home\\\/\"},{\"@type\":\"ListItem\",\"position\":2,\"name\":\"Store\"}]},{\"@type\":\"WebSite\",\"@id\":\"https:\\\/\\\/almatraveltour.com\\\/en\\\/#website\",\"url\":\"https:\\\/\\\/almatraveltour.com\\\/en\\\/\",\"name\":\"Almatraveltour\",\"description\":\"Ensemble, explorons le monde et cultivons le bien-\u00eatre \u00e0 chaque \u00e9tape.\",\"publisher\":{\"@id\":\"https:\\\/\\\/almatraveltour.com\\\/en\\\/#\\\/schema\\\/person\\\/5973dc5ee1f592c00060c7de305c99db\"},\"potentialAction\":[{\"@type\":\"SearchAction\",\"target\":{\"@type\":\"EntryPoint\",\"urlTemplate\":\"https:\\\/\\\/almatraveltour.com\\\/en\\\/?s={search_term_string}\"},\"query-input\":{\"@type\":\"PropertyValueSpecification\",\"valueRequired\":true,\"valueName\":\"search_term_string\"}}],\"inLanguage\":\"en-US\"},{\"@type\":[\"Person\",\"Organization\"],\"@id\":\"https:\\\/\\\/almatraveltour.com\\\/en\\\/#\\\/schema\\\/person\\\/5973dc5ee1f592c00060c7de305c99db\",\"name\":\"Alexis Sarazin\",\"image\":{\"@type\":\"ImageObject\",\"inLanguage\":\"en-US\",\"@id\":\"https:\\\/\\\/almatraveltour.com\\\/wp-content\\\/uploads\\\/2025\\\/01\\\/cropped-logo.jpg\",\"url\":\"https:\\\/\\\/almatraveltour.com\\\/wp-content\\\/uploads\\\/2025\\\/01\\\/cropped-logo.jpg\",\"contentUrl\":\"https:\\\/\\\/almatraveltour.com\\\/wp-content\\\/uploads\\\/2025\\\/01\\\/cropped-logo.jpg\",\"width\":334,\"height\":372,\"caption\":\"Alexis Sarazin\"},\"logo\":{\"@id\":\"https:\\\/\\\/almatraveltour.com\\\/wp-content\\\/uploads\\\/2025\\\/01\\\/cropped-logo.jpg\"},\"sameAs\":[\"https:\\\/\\\/almatraveltour.com\"]}]}<\/script>\n<!-- \/ Yoast SEO Premium plugin. -->","yoast_head_json":{"title":"Travel guide: discover the best destinations - Almatraveltour","description":"A travel guide for unforgettable getaways. Get ready to discover hidden treasures and iconic places.","robots":{"index":"index","follow":"follow","max-snippet":"max-snippet:-1","max-image-preview":"max-image-preview:large","max-video-preview":"max-video-preview:-1"},"canonical":"https:\/\/almatraveltour.com\/en\/store\/","og_locale":"en_US","og_type":"article","og_title":"Store","og_description":"A travel guide for unforgettable getaways. Get ready to discover hidden treasures and iconic places.","og_url":"https:\/\/almatraveltour.com\/en\/store\/","og_site_name":"Almatraveltour","article_modified_time":"2025-04-23T08:51:00+00:00","og_image":[{"width":988,"height":1479,"url":"https:\/\/almatraveltour.com\/wp-content\/uploads\/2024\/03\/ASR9224.jpeg","type":"image\/jpeg"}],"twitter_card":"summary_large_image","twitter_misc":{"Est. reading time":"1 minute"},"schema":{"@context":"https:\/\/schema.org","@graph":[{"@type":"WebPage","@id":"https:\/\/almatraveltour.com\/en\/store\/","url":"https:\/\/almatraveltour.com\/en\/store\/","name":"Travel guide: discover the best destinations - Almatraveltour","isPartOf":{"@id":"https:\/\/almatraveltour.com\/en\/#website"},"datePublished":"2025-01-05T14:22:16+00:00","dateModified":"2025-04-23T08:51:00+00:00","description":"A travel guide for unforgettable getaways. Get ready to discover hidden treasures and iconic places.","breadcrumb":{"@id":"https:\/\/almatraveltour.com\/en\/store\/#breadcrumb"},"inLanguage":"en-US","potentialAction":[{"@type":"ReadAction","target":["https:\/\/almatraveltour.com\/en\/store\/"]}]},{"@type":"BreadcrumbList","@id":"https:\/\/almatraveltour.com\/en\/store\/#breadcrumb","itemListElement":[{"@type":"ListItem","position":1,"name":"Accueil","item":"https:\/\/almatraveltour.com\/en\/home\/"},{"@type":"ListItem","position":2,"name":"Store"}]},{"@type":"WebSite","@id":"https:\/\/almatraveltour.com\/en\/#website","url":"https:\/\/almatraveltour.com\/en\/","name":"Almatraveltour","description":"Ensemble, explorons le monde et cultivons le bien-\u00eatre \u00e0 chaque \u00e9tape.","publisher":{"@id":"https:\/\/almatraveltour.com\/en\/#\/schema\/person\/5973dc5ee1f592c00060c7de305c99db"},"potentialAction":[{"@type":"SearchAction","target":{"@type":"EntryPoint","urlTemplate":"https:\/\/almatraveltour.com\/en\/?s={search_term_string}"},"query-input":{"@type":"PropertyValueSpecification","valueRequired":true,"valueName":"search_term_string"}}],"inLanguage":"en-US"},{"@type":["Person","Organization"],"@id":"https:\/\/almatraveltour.com\/en\/#\/schema\/person\/5973dc5ee1f592c00060c7de305c99db","name":"Alexis Sarazin","image":{"@type":"ImageObject","inLanguage":"en-US","@id":"https:\/\/almatraveltour.com\/wp-content\/uploads\/2025\/01\/cropped-logo.jpg","url":"https:\/\/almatraveltour.com\/wp-content\/uploads\/2025\/01\/cropped-logo.jpg","contentUrl":"https:\/\/almatraveltour.com\/wp-content\/uploads\/2025\/01\/cropped-logo.jpg","width":334,"height":372,"caption":"Alexis Sarazin"},"logo":{"@id":"https:\/\/almatraveltour.com\/wp-content\/uploads\/2025\/01\/cropped-logo.jpg"},"sameAs":["https:\/\/almatraveltour.com"]}]}},"_links":{"self":[{"href":"https:\/\/almatraveltour.com\/en\/wp-json\/wp\/v2\/pages\/33781","targetHints":{"allow":["GET"]}}],"collection":[{"href":"https:\/\/almatraveltour.com\/en\/wp-json\/wp\/v2\/pages"}],"about":[{"href":"https:\/\/almatraveltour.com\/en\/wp-json\/wp\/v2\/types\/page"}],"author":[{"embeddable":true,"href":"https:\/\/almatraveltour.com\/en\/wp-json\/wp\/v2\/users\/1"}],"replies":[{"embeddable":true,"href":"https:\/\/almatraveltour.com\/en\/wp-json\/wp\/v2\/comments?post=33781"}],"version-history":[{"count":0,"href":"https:\/\/almatraveltour.com\/en\/wp-json\/wp\/v2\/pages\/33781\/revisions"}],"wp:attachment":[{"href":"https:\/\/almatraveltour.com\/en\/wp-json\/wp\/v2\/media?parent=33781"}],"curies":[{"name":"wp","href":"https:\/\/api.w.org\/{rel}","templated":true}]}}