{"id":33723,"date":"2025-01-20T15:33:35","date_gmt":"2025-01-20T14:33:35","guid":{"rendered":"https:\/\/almatraveltour.com\/blogs-europe\/"},"modified":"2025-04-01T16:52:39","modified_gmt":"2025-04-01T14:52:39","slug":"blogs-europe","status":"publish","type":"page","link":"https:\/\/almatraveltour.com\/en\/blogs-europe\/","title":{"rendered":"Blogs Europe"},"content":{"rendered":"\t\t<div data-elementor-type=\"wp-page\" data-elementor-id=\"33723\" class=\"elementor elementor-33723 elementor-32030\" data-elementor-post-type=\"page\">\n\t\t\t\t<div class=\"elementor-element elementor-element-0033e3a e-flex e-con-boxed e-con e-parent\" data-id=\"0033e3a\" data-element_type=\"container\" data-e-type=\"container\">\n\t\t\t\t\t<div class=\"e-con-inner\">\n\t\t<div class=\"elementor-element elementor-element-4a00fbc e-flex e-con-boxed e-con e-child\" data-id=\"4a00fbc\" data-element_type=\"container\" data-e-type=\"container\" data-settings=\"{&quot;background_background&quot;:&quot;slideshow&quot;,&quot;background_slideshow_gallery&quot;:[{&quot;id&quot;:31952,&quot;url&quot;:&quot;https:\\\/\\\/almatraveltour.com\\\/wp-content\\\/uploads\\\/2025\\\/01\\\/DSC00181.jpg&quot;}],&quot;background_slideshow_loop&quot;:&quot;yes&quot;,&quot;background_slideshow_slide_duration&quot;:5000,&quot;background_slideshow_slide_transition&quot;:&quot;fade&quot;,&quot;background_slideshow_transition_duration&quot;:500}\">\n\t\t\t\t\t<div class=\"e-con-inner\">\n\t\t\t\t<div class=\"elementor-element elementor-element-92cbc9b elementor-widget elementor-widget-heading\" data-id=\"92cbc9b\" data-element_type=\"widget\" data-e-type=\"widget\" data-widget_type=\"heading.default\">\n\t\t\t\t\t<h1 class=\"elementor-heading-title elementor-size-default\">Our Europe Blog<\/h1>\t\t\t\t<\/div>\n\t\t\t\t<div class=\"elementor-element elementor-element-d5c0d41 elementor-widget elementor-widget-text-editor\" data-id=\"d5c0d41\" data-element_type=\"widget\" data-e-type=\"widget\" data-widget_type=\"text-editor.default\">\n\t\t\t\t\t\t\t\t\t<p>Travel Europe differently with our exclusive itineraries and tips.<\/p>\n\t\t\t\t\t\t\t\t<\/div>\n\t\t\t\t\t<\/div>\n\t\t\t\t<\/div>\n\t\t\t\t\t<\/div>\n\t\t\t\t<\/div>\n\t\t<div class=\"elementor-element elementor-element-d2b03d9 e-flex e-con-boxed e-con e-parent\" data-id=\"d2b03d9\" data-element_type=\"container\" data-e-type=\"container\">\n\t\t\t\t\t<div class=\"e-con-inner\">\n\t\t\t\t<div class=\"elementor-element elementor-element-6f5ba3f elementor-widget elementor-widget-text-editor\" data-id=\"6f5ba3f\" data-element_type=\"widget\" data-e-type=\"widget\" data-widget_type=\"text-editor.default\">\n\t\t\t\t\t\t\t\t\t<h2 data-start=\"175\" data-end=\"225\"><strong data-start=\"175\" data-end=\"225\">Which is the best country in Europe?<\/strong><\/h2>\n<p class=\"\" data-start=\"227\" data-end=\"653\">Choosing the <strong data-start=\"238\" data-end=\"264\">best country in Europe<\/strong> to travel to may seem difficult, given the continent&#8217;s wealth of wonders. Each country has its own charm, culture, landscapes and unique experiences. In this blog, we&#8217;ll help you make up your mind. Whether you&#8217;re a lover of nature, road trips, gastronomy or cultural discoveries, here you&#8217;ll find concrete itineraries, practical advice and our favorites.   <\/p>\n<p class=\"\" data-start=\"655\" data-end=\"942\">Dreaming of a road trip through the <a href=\"https:\/\/www.visitnorway.fr\/activites-norvege\/attractions-naturelles\/fjords\/decryptage\/\" target=\"_blank\" rel=\"noopener\">fjords of Norway<\/a>? A romantic weekend in Italy? Or perhaps an off-the-beaten-track adventure in the Balkans? Our blog will help you choose the <strong data-start=\"857\" data-end=\"883\">best country in Europe<\/strong> to suit your desires, your budget and your travel dates.   <\/p>\n<p class=\"\" data-start=\"944\" data-end=\"1151\">We share comprehensive articles on the destinations we&#8217;ve tested, with reliable info, itinerary ideas, local tips, and our recommendations for more responsible travel.<\/p>\n<p class=\"\" data-start=\"1153\" data-end=\"1412\">Each item is designed to help you plan with ease. You&#8217;ll also find <strong><a href=\"https:\/\/almatraveltour.com\/boutique\/\">eBooks to download<\/a><\/strong>photo presets, and useful resources to help you make the most of your trip. Our aim? To inspire you while saving you time.   <\/p>\n<p class=\"\" data-start=\"1414\" data-end=\"1552\">So, what do you think is the <strong data-start=\"1444\" data-end=\"1470\">best country in Europe<\/strong>? France, Iceland, Portugal, Slovenia, Croatia&#8230; There&#8217;s something for everyone!  <\/p>\n<p class=\"\" data-start=\"1554\" data-end=\"1681\">Browse our articles to find your next destination and choose, perhaps, your own <strong data-start=\"1654\" data-end=\"1680\">best european country<\/strong>.<\/p>\n\t\t\t\t\t\t\t\t<\/div>\n\t\t\t\t\t<\/div>\n\t\t\t\t<\/div>\n\t\t<div class=\"elementor-element elementor-element-6fbc266 e-flex e-con-boxed e-con e-parent\" data-id=\"6fbc266\" data-element_type=\"container\" data-e-type=\"container\">\n\t\t\t\t\t<div class=\"e-con-inner\">\n\t\t\t\t<div class=\"elementor-element elementor-element-a4548ab elementor-widget elementor-widget-heading\" data-id=\"a4548ab\" data-element_type=\"widget\" data-e-type=\"widget\" data-widget_type=\"heading.default\">\n\t\t\t\t\t<h2 class=\"elementor-heading-title elementor-size-default\">All our articles on Europe<\/h2>\t\t\t\t<\/div>\n\t\t\t\t\t<\/div>\n\t\t\t\t<\/div>\n\t\t<div class=\"elementor-element elementor-element-4c7650a e-flex e-con-boxed e-con e-parent\" data-id=\"4c7650a\" data-element_type=\"container\" data-e-type=\"container\">\n\t\t\t\t\t<div class=\"e-con-inner\">\n\t\t\t\t<div class=\"elementor-element elementor-element-32f4c2c elementor-widget elementor-widget-heading\" data-id=\"32f4c2c\" data-element_type=\"widget\" data-e-type=\"widget\" data-widget_type=\"heading.default\">\n\t\t\t\t\t<h2 class=\"elementor-heading-title elementor-size-default\">Our E-books on Europe<\/h2>\t\t\t\t<\/div>\n\t\t\t\t\t<\/div>\n\t\t\t\t<\/div>\n\t\t\t\t<\/div>\n\t\t","protected":false},"excerpt":{"rendered":"<p>Our Europe Blog Travel Europe differently with our exclusive itineraries and tips. Which is the best country in Europe? Choosing [&hellip;]<\/p>\n","protected":false},"author":1,"featured_media":0,"parent":0,"menu_order":0,"comment_status":"closed","ping_status":"closed","template":"","meta":{"site-sidebar-layout":"no-sidebar","site-content-layout":"","ast-site-content-layout":"full-width-container","site-content-style":"default","site-sidebar-style":"default","ast-global-header-display":"","ast-banner-title-visibility":"","ast-main-header-display":"","ast-hfb-above-header-display":"","ast-hfb-below-header-display":"","ast-hfb-mobile-header-display":"","site-post-title":"disabled","ast-breadcrumbs-content":"","ast-featured-img":"disabled","footer-sml-layout":"","ast-disable-related-posts":"","theme-transparent-header-meta":"disabled","adv-header-id-meta":"","stick-header-meta":"enabled","header-above-stick-meta":"","header-main-stick-meta":"","header-below-stick-meta":"","astra-migrate-meta-layouts":"default","ast-page-background-enabled":"default","ast-page-background-meta":{"desktop":{"background-color":"var(--ast-global-color-4)","background-image":"","background-repeat":"repeat","background-position":"center center","background-size":"auto","background-attachment":"scroll","background-type":"","background-media":"","overlay-type":"","overlay-color":"","overlay-opacity":"","overlay-gradient":""},"tablet":{"background-color":"","background-image":"","background-repeat":"repeat","background-position":"center center","background-size":"auto","background-attachment":"scroll","background-type":"","background-media":"","overlay-type":"","overlay-color":"","overlay-opacity":"","overlay-gradient":""},"mobile":{"background-color":"","background-image":"","background-repeat":"repeat","background-position":"center center","background-size":"auto","background-attachment":"scroll","background-type":"","background-media":"","overlay-type":"","overlay-color":"","overlay-opacity":"","overlay-gradient":""}},"ast-content-background-meta":{"desktop":{"background-color":"var(--ast-global-color-5)","background-image":"","background-repeat":"repeat","background-position":"center center","background-size":"auto","background-attachment":"scroll","background-type":"","background-media":"","overlay-type":"","overlay-color":"","overlay-opacity":"","overlay-gradient":""},"tablet":{"background-color":"var(--ast-global-color-5)","background-image":"","background-repeat":"repeat","background-position":"center center","background-size":"auto","background-attachment":"scroll","background-type":"","background-media":"","overlay-type":"","overlay-color":"","overlay-opacity":"","overlay-gradient":""},"mobile":{"background-color":"var(--ast-global-color-5)","background-image":"","background-repeat":"repeat","background-position":"center center","background-size":"auto","background-attachment":"scroll","background-type":"","background-media":"","overlay-type":"","overlay-color":"","overlay-opacity":"","overlay-gradient":""}},"footnotes":""},"class_list":["post-33723","page","type-page","status-publish","hentry"],"yoast_head":"<!-- This site is optimized with the Yoast SEO Premium plugin v26.6 (Yoast SEO v27.4) - https:\/\/yoast.com\/product\/yoast-seo-premium-wordpress\/ -->\n<title>Best country in Europe for a memorable vacation - Almatraveltour<\/title>\n<meta name=\"description\" content=\"The best of Europe awaits you. Get tips on the must-see destinations for your next trip.\" \/>\n<meta name=\"robots\" content=\"index, follow, max-snippet:-1, max-image-preview:large, max-video-preview:-1\" \/>\n<link rel=\"canonical\" href=\"https:\/\/almatraveltour.com\/en\/blogs-europe\/\" \/>\n<meta property=\"og:locale\" content=\"en_US\" \/>\n<meta property=\"og:type\" content=\"article\" \/>\n<meta property=\"og:title\" content=\"Blogs Europe\" \/>\n<meta property=\"og:description\" content=\"The best of Europe awaits you. Get tips on the must-see destinations for your next trip.\" \/>\n<meta property=\"og:url\" content=\"https:\/\/almatraveltour.com\/en\/blogs-europe\/\" \/>\n<meta property=\"og:site_name\" content=\"Almatraveltour\" \/>\n<meta property=\"article:modified_time\" content=\"2025-04-01T14:52:39+00:00\" \/>\n<meta property=\"og:image\" content=\"https:\/\/almatraveltour.com\/wp-content\/uploads\/2024\/03\/ASR9224.jpeg\" \/>\n\t<meta property=\"og:image:width\" content=\"988\" \/>\n\t<meta property=\"og:image:height\" content=\"1479\" \/>\n\t<meta property=\"og:image:type\" content=\"image\/jpeg\" \/>\n<meta name=\"twitter:card\" content=\"summary_large_image\" \/>\n<meta name=\"twitter:label1\" content=\"Est. reading time\" \/>\n\t<meta name=\"twitter:data1\" content=\"1 minute\" \/>\n<script type=\"application\/ld+json\" class=\"yoast-schema-graph\">{\"@context\":\"https:\\\/\\\/schema.org\",\"@graph\":[{\"@type\":\"WebPage\",\"@id\":\"https:\\\/\\\/almatraveltour.com\\\/en\\\/blogs-europe\\\/\",\"url\":\"https:\\\/\\\/almatraveltour.com\\\/en\\\/blogs-europe\\\/\",\"name\":\"Best country in Europe for a memorable vacation - Almatraveltour\",\"isPartOf\":{\"@id\":\"https:\\\/\\\/almatraveltour.com\\\/en\\\/#website\"},\"datePublished\":\"2025-01-20T14:33:35+00:00\",\"dateModified\":\"2025-04-01T14:52:39+00:00\",\"description\":\"The best of Europe awaits you. Get tips on the must-see destinations for your next trip.\",\"breadcrumb\":{\"@id\":\"https:\\\/\\\/almatraveltour.com\\\/en\\\/blogs-europe\\\/#breadcrumb\"},\"inLanguage\":\"en-US\",\"potentialAction\":[{\"@type\":\"ReadAction\",\"target\":[\"https:\\\/\\\/almatraveltour.com\\\/en\\\/blogs-europe\\\/\"]}]},{\"@type\":\"BreadcrumbList\",\"@id\":\"https:\\\/\\\/almatraveltour.com\\\/en\\\/blogs-europe\\\/#breadcrumb\",\"itemListElement\":[{\"@type\":\"ListItem\",\"position\":1,\"name\":\"Accueil\",\"item\":\"https:\\\/\\\/almatraveltour.com\\\/en\\\/home\\\/\"},{\"@type\":\"ListItem\",\"position\":2,\"name\":\"Blogs Europe\"}]},{\"@type\":\"WebSite\",\"@id\":\"https:\\\/\\\/almatraveltour.com\\\/en\\\/#website\",\"url\":\"https:\\\/\\\/almatraveltour.com\\\/en\\\/\",\"name\":\"Almatraveltour\",\"description\":\"Ensemble, explorons le monde et cultivons le bien-\u00eatre \u00e0 chaque \u00e9tape.\",\"publisher\":{\"@id\":\"https:\\\/\\\/almatraveltour.com\\\/en\\\/#\\\/schema\\\/person\\\/5973dc5ee1f592c00060c7de305c99db\"},\"potentialAction\":[{\"@type\":\"SearchAction\",\"target\":{\"@type\":\"EntryPoint\",\"urlTemplate\":\"https:\\\/\\\/almatraveltour.com\\\/en\\\/?s={search_term_string}\"},\"query-input\":{\"@type\":\"PropertyValueSpecification\",\"valueRequired\":true,\"valueName\":\"search_term_string\"}}],\"inLanguage\":\"en-US\"},{\"@type\":[\"Person\",\"Organization\"],\"@id\":\"https:\\\/\\\/almatraveltour.com\\\/en\\\/#\\\/schema\\\/person\\\/5973dc5ee1f592c00060c7de305c99db\",\"name\":\"Alexis Sarazin\",\"image\":{\"@type\":\"ImageObject\",\"inLanguage\":\"en-US\",\"@id\":\"https:\\\/\\\/almatraveltour.com\\\/wp-content\\\/uploads\\\/2025\\\/01\\\/cropped-logo.jpg\",\"url\":\"https:\\\/\\\/almatraveltour.com\\\/wp-content\\\/uploads\\\/2025\\\/01\\\/cropped-logo.jpg\",\"contentUrl\":\"https:\\\/\\\/almatraveltour.com\\\/wp-content\\\/uploads\\\/2025\\\/01\\\/cropped-logo.jpg\",\"width\":334,\"height\":372,\"caption\":\"Alexis Sarazin\"},\"logo\":{\"@id\":\"https:\\\/\\\/almatraveltour.com\\\/wp-content\\\/uploads\\\/2025\\\/01\\\/cropped-logo.jpg\"},\"sameAs\":[\"https:\\\/\\\/almatraveltour.com\"]}]}<\/script>\n<!-- \/ Yoast SEO Premium plugin. -->","yoast_head_json":{"title":"Best country in Europe for a memorable vacation - Almatraveltour","description":"The best of Europe awaits you. Get tips on the must-see destinations for your next trip.","robots":{"index":"index","follow":"follow","max-snippet":"max-snippet:-1","max-image-preview":"max-image-preview:large","max-video-preview":"max-video-preview:-1"},"canonical":"https:\/\/almatraveltour.com\/en\/blogs-europe\/","og_locale":"en_US","og_type":"article","og_title":"Blogs Europe","og_description":"The best of Europe awaits you. Get tips on the must-see destinations for your next trip.","og_url":"https:\/\/almatraveltour.com\/en\/blogs-europe\/","og_site_name":"Almatraveltour","article_modified_time":"2025-04-01T14:52:39+00:00","og_image":[{"width":988,"height":1479,"url":"https:\/\/almatraveltour.com\/wp-content\/uploads\/2024\/03\/ASR9224.jpeg","type":"image\/jpeg"}],"twitter_card":"summary_large_image","twitter_misc":{"Est. reading time":"1 minute"},"schema":{"@context":"https:\/\/schema.org","@graph":[{"@type":"WebPage","@id":"https:\/\/almatraveltour.com\/en\/blogs-europe\/","url":"https:\/\/almatraveltour.com\/en\/blogs-europe\/","name":"Best country in Europe for a memorable vacation - Almatraveltour","isPartOf":{"@id":"https:\/\/almatraveltour.com\/en\/#website"},"datePublished":"2025-01-20T14:33:35+00:00","dateModified":"2025-04-01T14:52:39+00:00","description":"The best of Europe awaits you. Get tips on the must-see destinations for your next trip.","breadcrumb":{"@id":"https:\/\/almatraveltour.com\/en\/blogs-europe\/#breadcrumb"},"inLanguage":"en-US","potentialAction":[{"@type":"ReadAction","target":["https:\/\/almatraveltour.com\/en\/blogs-europe\/"]}]},{"@type":"BreadcrumbList","@id":"https:\/\/almatraveltour.com\/en\/blogs-europe\/#breadcrumb","itemListElement":[{"@type":"ListItem","position":1,"name":"Accueil","item":"https:\/\/almatraveltour.com\/en\/home\/"},{"@type":"ListItem","position":2,"name":"Blogs Europe"}]},{"@type":"WebSite","@id":"https:\/\/almatraveltour.com\/en\/#website","url":"https:\/\/almatraveltour.com\/en\/","name":"Almatraveltour","description":"Ensemble, explorons le monde et cultivons le bien-\u00eatre \u00e0 chaque \u00e9tape.","publisher":{"@id":"https:\/\/almatraveltour.com\/en\/#\/schema\/person\/5973dc5ee1f592c00060c7de305c99db"},"potentialAction":[{"@type":"SearchAction","target":{"@type":"EntryPoint","urlTemplate":"https:\/\/almatraveltour.com\/en\/?s={search_term_string}"},"query-input":{"@type":"PropertyValueSpecification","valueRequired":true,"valueName":"search_term_string"}}],"inLanguage":"en-US"},{"@type":["Person","Organization"],"@id":"https:\/\/almatraveltour.com\/en\/#\/schema\/person\/5973dc5ee1f592c00060c7de305c99db","name":"Alexis Sarazin","image":{"@type":"ImageObject","inLanguage":"en-US","@id":"https:\/\/almatraveltour.com\/wp-content\/uploads\/2025\/01\/cropped-logo.jpg","url":"https:\/\/almatraveltour.com\/wp-content\/uploads\/2025\/01\/cropped-logo.jpg","contentUrl":"https:\/\/almatraveltour.com\/wp-content\/uploads\/2025\/01\/cropped-logo.jpg","width":334,"height":372,"caption":"Alexis Sarazin"},"logo":{"@id":"https:\/\/almatraveltour.com\/wp-content\/uploads\/2025\/01\/cropped-logo.jpg"},"sameAs":["https:\/\/almatraveltour.com"]}]}},"_links":{"self":[{"href":"https:\/\/almatraveltour.com\/en\/wp-json\/wp\/v2\/pages\/33723","targetHints":{"allow":["GET"]}}],"collection":[{"href":"https:\/\/almatraveltour.com\/en\/wp-json\/wp\/v2\/pages"}],"about":[{"href":"https:\/\/almatraveltour.com\/en\/wp-json\/wp\/v2\/types\/page"}],"author":[{"embeddable":true,"href":"https:\/\/almatraveltour.com\/en\/wp-json\/wp\/v2\/users\/1"}],"replies":[{"embeddable":true,"href":"https:\/\/almatraveltour.com\/en\/wp-json\/wp\/v2\/comments?post=33723"}],"version-history":[{"count":0,"href":"https:\/\/almatraveltour.com\/en\/wp-json\/wp\/v2\/pages\/33723\/revisions"}],"wp:attachment":[{"href":"https:\/\/almatraveltour.com\/en\/wp-json\/wp\/v2\/media?parent=33723"}],"curies":[{"name":"wp","href":"https:\/\/api.w.org\/{rel}","templated":true}]}}