{"id":33622,"date":"2025-01-20T16:26:23","date_gmt":"2025-01-20T15:26:23","guid":{"rendered":"https:\/\/almatraveltour.com\/blogs-travel-tips\/"},"modified":"2025-03-31T08:21:59","modified_gmt":"2025-03-31T06:21:59","slug":"blogs-travel-tips","status":"publish","type":"page","link":"https:\/\/almatraveltour.com\/en\/blogs-travel-tips\/","title":{"rendered":"Blogs Travel tips"},"content":{"rendered":"\t\t<div data-elementor-type=\"wp-page\" data-elementor-id=\"33622\" class=\"elementor elementor-33622 elementor-32089\" data-elementor-post-type=\"page\">\n\t\t\t\t<div class=\"elementor-element elementor-element-76c8c0e e-flex e-con-boxed e-con e-parent\" data-id=\"76c8c0e\" data-element_type=\"container\" data-e-type=\"container\">\n\t\t\t\t\t<div class=\"e-con-inner\">\n\t\t<div class=\"elementor-element elementor-element-2925e67 e-con-full e-flex e-con e-child\" data-id=\"2925e67\" data-element_type=\"container\" data-e-type=\"container\" data-settings=\"{&quot;background_background&quot;:&quot;slideshow&quot;,&quot;background_slideshow_gallery&quot;:[{&quot;id&quot;:31386,&quot;url&quot;:&quot;https:\\\/\\\/almatraveltour.com\\\/wp-content\\\/uploads\\\/2024\\\/04\\\/ASR8547.jpeg&quot;}],&quot;background_slideshow_loop&quot;:&quot;yes&quot;,&quot;background_slideshow_slide_duration&quot;:5000,&quot;background_slideshow_slide_transition&quot;:&quot;fade&quot;,&quot;background_slideshow_transition_duration&quot;:500}\">\n\t\t\t\t<div class=\"elementor-element elementor-element-7aa9244 elementor-widget elementor-widget-heading\" data-id=\"7aa9244\" data-element_type=\"widget\" data-e-type=\"widget\" data-widget_type=\"heading.default\">\n\t\t\t\t\t<h1 class=\"elementor-heading-title elementor-size-default\">Our travel tips blog<\/h1>\t\t\t\t<\/div>\n\t\t\t\t<div class=\"elementor-element elementor-element-3e22d6d elementor-widget elementor-widget-text-editor\" data-id=\"3e22d6d\" data-element_type=\"widget\" data-e-type=\"widget\" data-widget_type=\"text-editor.default\">\n\t\t\t\t\t\t\t\t\t<p>Itineraries, tips and tricks: everything you need to plan an unforgettable, stress-free trip.<\/p>\n\t\t\t\t\t\t\t\t<\/div>\n\t\t\t\t<\/div>\n\t\t\t\t\t<\/div>\n\t\t\t\t<\/div>\n\t\t<div class=\"elementor-element elementor-element-5d1664b e-flex e-con-boxed e-con e-parent\" data-id=\"5d1664b\" data-element_type=\"container\" data-e-type=\"container\">\n\t\t\t\t\t<div class=\"e-con-inner\">\n\t\t\t\t<div class=\"elementor-element elementor-element-f3ee352 elementor-widget elementor-widget-text-editor\" data-id=\"f3ee352\" data-element_type=\"widget\" data-e-type=\"widget\" data-widget_type=\"text-editor.default\">\n\t\t\t\t\t\t\t\t\t<h2 class=\"\" data-start=\"265\" data-end=\"300\">Plan your trips with peace of mind<\/h2>\n<p class=\"\" data-start=\"302\" data-end=\"733\">Welcome to our blog dedicated to all adventure and discovery enthusiasts. Whether you&#8217;re a novice or a seasoned traveler, here you&#8217;ll find a wealth of <strong data-start=\"469\" data-end=\"484\">travel tips<\/strong> to help you plan your getaways. All in a simple, effective and inspiring way. Our aim is to help you save precious time and travel smarter. With practical advice that you can put into practice.    <\/p>\n<h2 class=\"\" data-start=\"735\" data-end=\"777\">Practical advice for every stage<\/h2>\n<p class=\"\" data-start=\"779\" data-end=\"1166\">Each article offers practical <strong data-start=\"818\" data-end=\"834\">travel tips<\/strong>. How to choose the ideal time to leave, optimize your daily budget, prepare your bag efficiently or select your destinations according to your current desires. These tips are drawn from our own experiences in the field, and are designed to help you avoid classic mistakes.  <\/p>\n<h2 class=\"\" data-start=\"1168\" data-end=\"1204\">Tips by region and theme<\/h2>\n<p class=\"\" data-start=\"1206\" data-end=\"1614\">In addition, you&#8217;ll find <strong data-start=\"1251\" data-end=\"1266\">travel tips<\/strong> organized by region on the blog. Asia, North America, Europe and many more. For further planning, we recommend our detailed <a target=\"_new\" rel=\"noopener\" data-start=\"1423\" data-end=\"1476\">Itineraries<\/a> and <a href=\"https:\/\/www.instagram.com\/almatraveltour\/?hl=fr\" target=\"_blank\" rel=\"noopener\" data-start=\"1494\" data-end=\"1549\">Destinations<\/a>, as well as our <a href=\"https:\/\/almatraveltour.com\/boutique\/\"><strong data-start=\"1565\" data-end=\"1589\">eBooks to download<\/strong><\/a> for each country you visit.  <\/p>\n<h2 class=\"\" data-start=\"1616\" data-end=\"1645\">More responsible travel<\/h2>\n<p class=\"\" data-start=\"1647\" data-end=\"2094\">What&#8217;s more, we attach great importance to responsible <strong data-start=\"1697\" data-end=\"1712\">travel tips<\/strong>. Travelling while limiting your ecological impact, supporting local associations or choosing sustainable accommodation. To explore these topics in greater depth, we regularly include links to reliable platforms such as <a href=\"https:\/\/www.google.com\/travel\/flights?hl=fr\" target=\"_blank\" rel=\"noopener\" data-start=\"1945\" data-end=\"1993\">Google Flights<\/a>, <a href=\"https:\/\/www.rome2rio.com\/fr\/\" target=\"_blank\" rel=\"noopener\">Rome2Rio<\/a> or <a class=\"\" href=\"https:\/\/www.france.fr\/\" target=\"_blank\" rel=\"noopener\" data-start=\"2039\" data-end=\"2093\">official tourist offices<\/a>.  <\/p>\n<h2 class=\"\" data-start=\"2096\" data-end=\"2141\">Practical tips for connected travelers<\/h2>\n<p class=\"\" data-start=\"2143\" data-end=\"2402\">Finally, in our &#8220;Practical Tips&#8221; section, you&#8217;ll discover useful <strong data-start=\"2213\" data-end=\"2229\">travel tips<\/strong>. On photography, safety, mobile applications or even the essential digital tools to stay organized and connected throughout your journey. <\/p>\n\t\t\t\t\t\t\t\t<\/div>\n\t\t\t\t\t<\/div>\n\t\t\t\t<\/div>\n\t\t<div class=\"elementor-element elementor-element-b259057 e-flex e-con-boxed e-con e-parent\" data-id=\"b259057\" data-element_type=\"container\" data-e-type=\"container\" data-settings=\"{&quot;background_background&quot;:&quot;classic&quot;}\">\n\t\t\t\t\t<div class=\"e-con-inner\">\n\t\t\t\t<div class=\"elementor-element elementor-element-1d1879d elementor-widget elementor-widget-heading\" data-id=\"1d1879d\" data-element_type=\"widget\" data-e-type=\"widget\" data-widget_type=\"heading.default\">\n\t\t\t\t\t<h2 class=\"elementor-heading-title elementor-size-default\">Read all our articles on travel tips<\/h2>\t\t\t\t<\/div>\n\t\t\t\t\t<\/div>\n\t\t\t\t<\/div>\n\t\t<div class=\"elementor-element elementor-element-8399e47 e-flex e-con-boxed e-con e-parent\" data-id=\"8399e47\" data-element_type=\"container\" data-e-type=\"container\" data-settings=\"{&quot;background_background&quot;:&quot;classic&quot;}\">\n\t\t\t\t\t<div class=\"e-con-inner\">\n\t\t\t\t<div class=\"elementor-element elementor-element-c4ee0c7 elementor-widget elementor-widget-heading\" data-id=\"c4ee0c7\" data-element_type=\"widget\" data-e-type=\"widget\" data-widget_type=\"heading.default\">\n\t\t\t\t\t<h2 class=\"elementor-heading-title elementor-size-default\">Our <span style=\"font-size: 1.875rem;text-align: var(--text-align)\">travel tips<\/span> E-books<span style=\"color: var(--ast-global-color-1);font-size: 1.875rem;font-style: inherit;text-align: var(--text-align)\"><\/span><br><\/h2>\t\t\t\t<\/div>\n\t\t\t\t\t<\/div>\n\t\t\t\t<\/div>\n\t\t\t\t<\/div>\n\t\t","protected":false},"excerpt":{"rendered":"<p>Our travel tips blog Itineraries, tips and tricks: everything you need to plan an unforgettable, stress-free trip. Plan your trips [&hellip;]<\/p>\n","protected":false},"author":1,"featured_media":0,"parent":0,"menu_order":0,"comment_status":"closed","ping_status":"closed","template":"","meta":{"site-sidebar-layout":"no-sidebar","site-content-layout":"","ast-site-content-layout":"full-width-container","site-content-style":"default","site-sidebar-style":"default","ast-global-header-display":"","ast-banner-title-visibility":"","ast-main-header-display":"","ast-hfb-above-header-display":"","ast-hfb-below-header-display":"","ast-hfb-mobile-header-display":"","site-post-title":"disabled","ast-breadcrumbs-content":"","ast-featured-img":"disabled","footer-sml-layout":"","ast-disable-related-posts":"","theme-transparent-header-meta":"","adv-header-id-meta":"","stick-header-meta":"","header-above-stick-meta":"","header-main-stick-meta":"","header-below-stick-meta":"","astra-migrate-meta-layouts":"default","ast-page-background-enabled":"default","ast-page-background-meta":{"desktop":{"background-color":"var(--ast-global-color-4)","background-image":"","background-repeat":"repeat","background-position":"center center","background-size":"auto","background-attachment":"scroll","background-type":"","background-media":"","overlay-type":"","overlay-color":"","overlay-opacity":"","overlay-gradient":""},"tablet":{"background-color":"","background-image":"","background-repeat":"repeat","background-position":"center center","background-size":"auto","background-attachment":"scroll","background-type":"","background-media":"","overlay-type":"","overlay-color":"","overlay-opacity":"","overlay-gradient":""},"mobile":{"background-color":"","background-image":"","background-repeat":"repeat","background-position":"center center","background-size":"auto","background-attachment":"scroll","background-type":"","background-media":"","overlay-type":"","overlay-color":"","overlay-opacity":"","overlay-gradient":""}},"ast-content-background-meta":{"desktop":{"background-color":"var(--ast-global-color-5)","background-image":"","background-repeat":"repeat","background-position":"center center","background-size":"auto","background-attachment":"scroll","background-type":"","background-media":"","overlay-type":"","overlay-color":"","overlay-opacity":"","overlay-gradient":""},"tablet":{"background-color":"var(--ast-global-color-5)","background-image":"","background-repeat":"repeat","background-position":"center center","background-size":"auto","background-attachment":"scroll","background-type":"","background-media":"","overlay-type":"","overlay-color":"","overlay-opacity":"","overlay-gradient":""},"mobile":{"background-color":"var(--ast-global-color-5)","background-image":"","background-repeat":"repeat","background-position":"center center","background-size":"auto","background-attachment":"scroll","background-type":"","background-media":"","overlay-type":"","overlay-color":"","overlay-opacity":"","overlay-gradient":""}},"footnotes":""},"class_list":["post-33622","page","type-page","status-publish","hentry"],"yoast_head":"<!-- This site is optimized with the Yoast SEO Premium plugin v26.6 (Yoast SEO v27.4) - https:\/\/yoast.com\/product\/yoast-seo-premium-wordpress\/ -->\n<title>Travel Tips: The Best Travel Tips - Almatraveltour<\/title>\n<meta name=\"description\" content=\"Learn practical travel tips for planning your vacation. Advice on how to travel with peace of mind awaits you.\" \/>\n<meta name=\"robots\" content=\"index, follow, max-snippet:-1, max-image-preview:large, max-video-preview:-1\" \/>\n<link rel=\"canonical\" href=\"https:\/\/almatraveltour.com\/en\/blogs-travel-tips\/\" \/>\n<meta property=\"og:locale\" content=\"en_US\" \/>\n<meta property=\"og:type\" content=\"article\" \/>\n<meta property=\"og:title\" content=\"Blogs Travel tips\" \/>\n<meta property=\"og:description\" content=\"Learn practical travel tips for planning your vacation. Advice on how to travel with peace of mind awaits you.\" \/>\n<meta property=\"og:url\" content=\"https:\/\/almatraveltour.com\/en\/blogs-travel-tips\/\" \/>\n<meta property=\"og:site_name\" content=\"Almatraveltour\" \/>\n<meta property=\"article:modified_time\" content=\"2025-03-31T06:21:59+00:00\" \/>\n<meta property=\"og:image\" content=\"https:\/\/almatraveltour.com\/wp-content\/uploads\/2024\/03\/ASR9224.jpeg\" \/>\n\t<meta property=\"og:image:width\" content=\"988\" \/>\n\t<meta property=\"og:image:height\" content=\"1479\" \/>\n\t<meta property=\"og:image:type\" content=\"image\/jpeg\" \/>\n<meta name=\"twitter:card\" content=\"summary_large_image\" \/>\n<meta name=\"twitter:label1\" content=\"Est. reading time\" \/>\n\t<meta name=\"twitter:data1\" content=\"1 minute\" \/>\n<script type=\"application\/ld+json\" class=\"yoast-schema-graph\">{\"@context\":\"https:\\\/\\\/schema.org\",\"@graph\":[{\"@type\":\"WebPage\",\"@id\":\"https:\\\/\\\/almatraveltour.com\\\/en\\\/blogs-travel-tips\\\/\",\"url\":\"https:\\\/\\\/almatraveltour.com\\\/en\\\/blogs-travel-tips\\\/\",\"name\":\"Travel Tips: The Best Travel Tips - Almatraveltour\",\"isPartOf\":{\"@id\":\"https:\\\/\\\/almatraveltour.com\\\/en\\\/#website\"},\"datePublished\":\"2025-01-20T15:26:23+00:00\",\"dateModified\":\"2025-03-31T06:21:59+00:00\",\"description\":\"Learn practical travel tips for planning your vacation. Advice on how to travel with peace of mind awaits you.\",\"breadcrumb\":{\"@id\":\"https:\\\/\\\/almatraveltour.com\\\/en\\\/blogs-travel-tips\\\/#breadcrumb\"},\"inLanguage\":\"en-US\",\"potentialAction\":[{\"@type\":\"ReadAction\",\"target\":[\"https:\\\/\\\/almatraveltour.com\\\/en\\\/blogs-travel-tips\\\/\"]}]},{\"@type\":\"BreadcrumbList\",\"@id\":\"https:\\\/\\\/almatraveltour.com\\\/en\\\/blogs-travel-tips\\\/#breadcrumb\",\"itemListElement\":[{\"@type\":\"ListItem\",\"position\":1,\"name\":\"Accueil\",\"item\":\"https:\\\/\\\/almatraveltour.com\\\/en\\\/home\\\/\"},{\"@type\":\"ListItem\",\"position\":2,\"name\":\"Blogs Travel tips\"}]},{\"@type\":\"WebSite\",\"@id\":\"https:\\\/\\\/almatraveltour.com\\\/en\\\/#website\",\"url\":\"https:\\\/\\\/almatraveltour.com\\\/en\\\/\",\"name\":\"Almatraveltour\",\"description\":\"Ensemble, explorons le monde et cultivons le bien-\u00eatre \u00e0 chaque \u00e9tape.\",\"publisher\":{\"@id\":\"https:\\\/\\\/almatraveltour.com\\\/en\\\/#\\\/schema\\\/person\\\/5973dc5ee1f592c00060c7de305c99db\"},\"potentialAction\":[{\"@type\":\"SearchAction\",\"target\":{\"@type\":\"EntryPoint\",\"urlTemplate\":\"https:\\\/\\\/almatraveltour.com\\\/en\\\/?s={search_term_string}\"},\"query-input\":{\"@type\":\"PropertyValueSpecification\",\"valueRequired\":true,\"valueName\":\"search_term_string\"}}],\"inLanguage\":\"en-US\"},{\"@type\":[\"Person\",\"Organization\"],\"@id\":\"https:\\\/\\\/almatraveltour.com\\\/en\\\/#\\\/schema\\\/person\\\/5973dc5ee1f592c00060c7de305c99db\",\"name\":\"Alexis Sarazin\",\"image\":{\"@type\":\"ImageObject\",\"inLanguage\":\"en-US\",\"@id\":\"https:\\\/\\\/almatraveltour.com\\\/wp-content\\\/uploads\\\/2025\\\/01\\\/cropped-logo.jpg\",\"url\":\"https:\\\/\\\/almatraveltour.com\\\/wp-content\\\/uploads\\\/2025\\\/01\\\/cropped-logo.jpg\",\"contentUrl\":\"https:\\\/\\\/almatraveltour.com\\\/wp-content\\\/uploads\\\/2025\\\/01\\\/cropped-logo.jpg\",\"width\":334,\"height\":372,\"caption\":\"Alexis Sarazin\"},\"logo\":{\"@id\":\"https:\\\/\\\/almatraveltour.com\\\/wp-content\\\/uploads\\\/2025\\\/01\\\/cropped-logo.jpg\"},\"sameAs\":[\"https:\\\/\\\/almatraveltour.com\"]}]}<\/script>\n<!-- \/ Yoast SEO Premium plugin. -->","yoast_head_json":{"title":"Travel Tips: The Best Travel Tips - Almatraveltour","description":"Learn practical travel tips for planning your vacation. Advice on how to travel with peace of mind awaits you.","robots":{"index":"index","follow":"follow","max-snippet":"max-snippet:-1","max-image-preview":"max-image-preview:large","max-video-preview":"max-video-preview:-1"},"canonical":"https:\/\/almatraveltour.com\/en\/blogs-travel-tips\/","og_locale":"en_US","og_type":"article","og_title":"Blogs Travel tips","og_description":"Learn practical travel tips for planning your vacation. Advice on how to travel with peace of mind awaits you.","og_url":"https:\/\/almatraveltour.com\/en\/blogs-travel-tips\/","og_site_name":"Almatraveltour","article_modified_time":"2025-03-31T06:21:59+00:00","og_image":[{"width":988,"height":1479,"url":"https:\/\/almatraveltour.com\/wp-content\/uploads\/2024\/03\/ASR9224.jpeg","type":"image\/jpeg"}],"twitter_card":"summary_large_image","twitter_misc":{"Est. reading time":"1 minute"},"schema":{"@context":"https:\/\/schema.org","@graph":[{"@type":"WebPage","@id":"https:\/\/almatraveltour.com\/en\/blogs-travel-tips\/","url":"https:\/\/almatraveltour.com\/en\/blogs-travel-tips\/","name":"Travel Tips: The Best Travel Tips - Almatraveltour","isPartOf":{"@id":"https:\/\/almatraveltour.com\/en\/#website"},"datePublished":"2025-01-20T15:26:23+00:00","dateModified":"2025-03-31T06:21:59+00:00","description":"Learn practical travel tips for planning your vacation. Advice on how to travel with peace of mind awaits you.","breadcrumb":{"@id":"https:\/\/almatraveltour.com\/en\/blogs-travel-tips\/#breadcrumb"},"inLanguage":"en-US","potentialAction":[{"@type":"ReadAction","target":["https:\/\/almatraveltour.com\/en\/blogs-travel-tips\/"]}]},{"@type":"BreadcrumbList","@id":"https:\/\/almatraveltour.com\/en\/blogs-travel-tips\/#breadcrumb","itemListElement":[{"@type":"ListItem","position":1,"name":"Accueil","item":"https:\/\/almatraveltour.com\/en\/home\/"},{"@type":"ListItem","position":2,"name":"Blogs Travel tips"}]},{"@type":"WebSite","@id":"https:\/\/almatraveltour.com\/en\/#website","url":"https:\/\/almatraveltour.com\/en\/","name":"Almatraveltour","description":"Ensemble, explorons le monde et cultivons le bien-\u00eatre \u00e0 chaque \u00e9tape.","publisher":{"@id":"https:\/\/almatraveltour.com\/en\/#\/schema\/person\/5973dc5ee1f592c00060c7de305c99db"},"potentialAction":[{"@type":"SearchAction","target":{"@type":"EntryPoint","urlTemplate":"https:\/\/almatraveltour.com\/en\/?s={search_term_string}"},"query-input":{"@type":"PropertyValueSpecification","valueRequired":true,"valueName":"search_term_string"}}],"inLanguage":"en-US"},{"@type":["Person","Organization"],"@id":"https:\/\/almatraveltour.com\/en\/#\/schema\/person\/5973dc5ee1f592c00060c7de305c99db","name":"Alexis Sarazin","image":{"@type":"ImageObject","inLanguage":"en-US","@id":"https:\/\/almatraveltour.com\/wp-content\/uploads\/2025\/01\/cropped-logo.jpg","url":"https:\/\/almatraveltour.com\/wp-content\/uploads\/2025\/01\/cropped-logo.jpg","contentUrl":"https:\/\/almatraveltour.com\/wp-content\/uploads\/2025\/01\/cropped-logo.jpg","width":334,"height":372,"caption":"Alexis Sarazin"},"logo":{"@id":"https:\/\/almatraveltour.com\/wp-content\/uploads\/2025\/01\/cropped-logo.jpg"},"sameAs":["https:\/\/almatraveltour.com"]}]}},"_links":{"self":[{"href":"https:\/\/almatraveltour.com\/en\/wp-json\/wp\/v2\/pages\/33622","targetHints":{"allow":["GET"]}}],"collection":[{"href":"https:\/\/almatraveltour.com\/en\/wp-json\/wp\/v2\/pages"}],"about":[{"href":"https:\/\/almatraveltour.com\/en\/wp-json\/wp\/v2\/types\/page"}],"author":[{"embeddable":true,"href":"https:\/\/almatraveltour.com\/en\/wp-json\/wp\/v2\/users\/1"}],"replies":[{"embeddable":true,"href":"https:\/\/almatraveltour.com\/en\/wp-json\/wp\/v2\/comments?post=33622"}],"version-history":[{"count":0,"href":"https:\/\/almatraveltour.com\/en\/wp-json\/wp\/v2\/pages\/33622\/revisions"}],"wp:attachment":[{"href":"https:\/\/almatraveltour.com\/en\/wp-json\/wp\/v2\/media?parent=33622"}],"curies":[{"name":"wp","href":"https:\/\/api.w.org\/{rel}","templated":true}]}}