{"id":33608,"date":"2025-01-20T15:21:13","date_gmt":"2025-01-20T14:21:13","guid":{"rendered":"https:\/\/almatraveltour.com\/blogs-asia\/"},"modified":"2025-03-29T11:25:41","modified_gmt":"2025-03-29T10:25:41","slug":"blogs-asia","status":"publish","type":"page","link":"https:\/\/almatraveltour.com\/en\/blogs-asia\/","title":{"rendered":"Blogs Asia"},"content":{"rendered":"\t\t<div data-elementor-type=\"wp-page\" data-elementor-id=\"33608\" class=\"elementor elementor-33608 elementor-32016\" data-elementor-post-type=\"page\">\n\t\t\t\t<div class=\"elementor-element elementor-element-ba5c651 e-flex e-con-boxed e-con e-parent\" data-id=\"ba5c651\" data-element_type=\"container\" data-e-type=\"container\">\n\t\t\t\t\t<div class=\"e-con-inner\">\n\t\t<div class=\"elementor-element elementor-element-5ae50b7 e-flex e-con-boxed e-con e-child\" data-id=\"5ae50b7\" data-element_type=\"container\" data-e-type=\"container\" data-settings=\"{&quot;background_background&quot;:&quot;slideshow&quot;,&quot;background_slideshow_gallery&quot;:[{&quot;id&quot;:31408,&quot;url&quot;:&quot;https:\\\/\\\/almatraveltour.com\\\/wp-content\\\/uploads\\\/2024\\\/04\\\/DSC02089.jpeg&quot;}],&quot;background_slideshow_loop&quot;:&quot;yes&quot;,&quot;background_slideshow_slide_duration&quot;:5000,&quot;background_slideshow_slide_transition&quot;:&quot;fade&quot;,&quot;background_slideshow_transition_duration&quot;:500}\">\n\t\t\t\t\t<div class=\"e-con-inner\">\n\t\t\t\t<div class=\"elementor-element elementor-element-e3d2656 elementor-widget elementor-widget-heading\" data-id=\"e3d2656\" data-element_type=\"widget\" data-e-type=\"widget\" data-widget_type=\"heading.default\">\n\t\t\t\t\t<h1 class=\"elementor-heading-title elementor-size-default\">Our Asia Blog<\/h1>\t\t\t\t<\/div>\n\t\t\t\t<div class=\"elementor-element elementor-element-a28fbdd elementor-widget elementor-widget-text-editor\" data-id=\"a28fbdd\" data-element_type=\"widget\" data-e-type=\"widget\" data-widget_type=\"text-editor.default\">\n\t\t\t\t\t\t\t\t\t<p>Asia voyages: explore Asia differently with our itineraries, tips and practical guides.<\/p>\n\t\t\t\t\t\t\t\t<\/div>\n\t\t\t\t\t<\/div>\n\t\t\t\t<\/div>\n\t\t\t\t\t<\/div>\n\t\t\t\t<\/div>\n\t\t<div class=\"elementor-element elementor-element-undefined-755ff6e e-flex e-con-boxed e-con e-parent\" data-id=\"undefined-755ff6e\" data-element_type=\"container\" data-e-type=\"container\">\n\t\t\t\t\t<div class=\"e-con-inner\">\n\t\t\t\t<div class=\"elementor-element elementor-element-undefined-d2865f3 elementor-widget elementor-widget-text-editor\" data-id=\"undefined-d2865f3\" data-element_type=\"widget\" data-e-type=\"widget\" data-widget_type=\"text-editor.default\">\n\t\t\t\t\t\t\t\t\t<h3 class=\"\" data-start=\"322\" data-end=\"373\">Welcome to Asia voyages<\/h3>\n<p class=\"\" data-start=\"375\" data-end=\"753\">Are you planning a <strong data-start=\"391\" data-end=\"409\">trip to Asia<\/strong> and looking for practical advice on how to organize your itinerary? This <strong data-start=\"487\" data-end=\"503\">Asia voyages <\/strong>blog has been designed to accompany you every step of the way. From the jungles of Sri Lanka to the rice paddies of <a href=\"https:\/\/fr.wikipedia.org\/wiki\/Vi%C3%AAt_Nam\" target=\"_blank\" rel=\"noopener\">Vietnam.<\/a> From the temples of Cambodia to the beaches of Thailand, we&#8217;ve got everything you need for a successful <strong data-start=\"730\" data-end=\"745\">trip to Asia<\/strong>.  <\/p>\n<hr class=\"\" data-start=\"755\" data-end=\"758\">\n<h3 class=\"\" data-start=\"760\" data-end=\"817\">Reliable resources for exploring Asia differently<\/h3>\n<p class=\"\" data-start=\"819\" data-end=\"1208\"><a href=\"https:\/\/fr.wikipedia.org\/wiki\/Asie\" target=\"_blank\" rel=\"noopener\">Asia<\/a> is a continent as vast as it is fascinating. That&#8217;s why we&#8217;ve designed <a href=\"https:\/\/almatraveltour.com\/boutique\/\"><strong data-start=\"906\" data-end=\"926\">practical guides<\/strong><\/a><strong data-start=\"932\" data-end=\"957\">detailed itineraries<\/strong> and <strong data-start=\"965\" data-end=\"989\">downloadable eBooks. <\/strong>To help you plan your <strong data-start=\"1019\" data-end=\"1037\">trip<\/strong> according to your desires, your pace and your budget. Our content is aimed at travelers in search of authentic experiences, far removed from conventional tourist itineraries.  <\/p>\n<hr class=\"\" data-start=\"1210\" data-end=\"1213\">\n<h3 class=\"\" data-start=\"1215\" data-end=\"1279\">Why choose Asia voyages to plan your itinerary?<\/h3>\n<p class=\"\" data-start=\"1281\" data-end=\"1341\">Thanks to our experience in the field, we can offer you :<\/p>\n<ul data-start=\"1342\" data-end=\"1569\">\n<li class=\"\" data-start=\"1342\" data-end=\"1408\">\n<p class=\"\" data-start=\"1344\" data-end=\"1408\">clear logistical advice (transport, accommodation, visas),<\/p>\n<\/li>\n<li class=\"\" data-start=\"1409\" data-end=\"1494\">\n<p class=\"\" data-start=\"1411\" data-end=\"1494\">suggestions of must-see places, as well as more confidential ones,<\/p>\n<\/li>\n<li class=\"\" data-start=\"1495\" data-end=\"1569\">\n<p class=\"\" data-start=\"1497\" data-end=\"1569\">ready-to-use PDF itineraries to optimize your time on site.<\/p>\n<\/li>\n<\/ul>\n<p class=\"\" data-start=\"1571\" data-end=\"1705\">Every <strong data-start=\"1578\" data-end=\"1593\">Asia trip<\/strong> we share is based on real, lived experiences and tailored to different traveler profiles.<\/p>\n<hr class=\"\" data-start=\"1707\" data-end=\"1710\">\n<h3 class=\"\" data-start=\"1712\" data-end=\"1762\">Download, explore, live your trip to the full<\/h3>\n<p class=\"\" data-start=\"1764\" data-end=\"2057\">Whether you&#8217;re going away for two weeks or several months, we&#8217;ve got the tools you need to build a <strong data-start=\"1875\" data-end=\"1893\">trip to Asia<\/strong> that&#8217;s just right for you. We update our articles regularly, and new guides will soon be available to help you plan your next trip with peace of mind. <\/p>\n\t\t\t\t\t\t\t\t<\/div>\n\t\t\t\t\t<\/div>\n\t\t\t\t<\/div>\n\t\t<div class=\"elementor-element elementor-element-24b9654 e-flex e-con-boxed e-con e-parent\" data-id=\"24b9654\" data-element_type=\"container\" data-e-type=\"container\">\n\t\t\t\t\t<div class=\"e-con-inner\">\n\t\t\t\t<div class=\"elementor-element elementor-element-0d1b467 elementor-widget elementor-widget-heading\" data-id=\"0d1b467\" data-element_type=\"widget\" data-e-type=\"widget\" data-widget_type=\"heading.default\">\n\t\t\t\t\t<h2 class=\"elementor-heading-title elementor-size-default\">All our articles on Asia<\/h2>\t\t\t\t<\/div>\n\t\t\t\t\t<\/div>\n\t\t\t\t<\/div>\n\t\t<div class=\"elementor-element elementor-element-edf8112 e-flex e-con-boxed e-con e-parent\" data-id=\"edf8112\" data-element_type=\"container\" data-e-type=\"container\">\n\t\t\t\t\t<div class=\"e-con-inner\">\n\t\t\t\t<div class=\"elementor-element elementor-element-945ca4f elementor-widget elementor-widget-heading\" data-id=\"945ca4f\" data-element_type=\"widget\" data-e-type=\"widget\" data-widget_type=\"heading.default\">\n\t\t\t\t\t<h2 class=\"elementor-heading-title elementor-size-default\">Our E-books on Asia<\/h2>\t\t\t\t<\/div>\n\t\t\t\t\t<\/div>\n\t\t\t\t<\/div>\n\t\t<div class=\"elementor-element elementor-element-undefined-7db76e9 e-flex e-con-boxed e-con e-parent\" data-id=\"undefined-7db76e9\" data-element_type=\"container\" data-e-type=\"container\">\n\t\t\t\t\t<div class=\"e-con-inner\">\n\t\t<div class=\"elementor-element elementor-element-undefined-d51f43f e-con-full e-flex e-con e-child\" data-id=\"undefined-d51f43f\" data-element_type=\"container\" data-e-type=\"container\">\n\t\t\t\t<div class=\"elementor-element elementor-element-undefined-44553ff elementor-widget elementor-widget-heading\" data-id=\"undefined-44553ff\" data-element_type=\"widget\" data-e-type=\"widget\" data-widget_type=\"heading.default\">\n\t\t\t\t\t<h2 class=\"elementor-heading-title elementor-size-default\">There's so much to see in Asia<\/h2>\t\t\t\t<\/div>\n\t\t\t\t<div class=\"elementor-element elementor-element-undefined-f8602e3 elementor-widget elementor-widget-text-editor\" data-id=\"undefined-f8602e3\" data-element_type=\"widget\" data-e-type=\"widget\" data-widget_type=\"text-editor.default\">\n\t\t\t\t\t\t\t\t\t<p class=\"\" data-start=\"160\" data-end=\"575\">Asia is a continent with a thousand faces, where each country reveals a unique identity. From the sacred temples of India to the rice terraces of Vietnam and the peaks of the Himalayas. Like the paradisiacal beaches of the Philippines, Asia offers exceptional diversity. Whether you&#8217;re passionate about culture, nature or gastronomy, a <strong data-start=\"508\" data-end=\"526\">trip to Asia<\/strong> promises you an intense and exotic immersion.   <\/p>\n<p class=\"\" data-start=\"577\" data-end=\"859\">Thanks to its contrasting landscapes, age-old traditions and the hospitality of its people. In short, Asia fascinates as much as it soothes. It&#8217;s an ideal destination for authentic experiences, far removed from mass tourism, while discovering an unrivalled cultural wealth.  <\/p>\n\t\t\t\t\t\t\t\t<\/div>\n\t\t\t\t<div class=\"elementor-element elementor-element-undefined-b2365cd elementor-widget elementor-widget-image\" data-id=\"undefined-b2365cd\" data-element_type=\"widget\" data-e-type=\"widget\" data-widget_type=\"image.default\">\n\t\t\t\t\t\t\t\t\t\t\t\t\t\t\t<img fetchpriority=\"high\" decoding=\"async\" width=\"1365\" height=\"2048\" src=\"https:\/\/almatraveltour.com\/wp-content\/uploads\/2024\/04\/DSC00381.webp\" class=\"attachment-full size-full wp-image-31474\" alt=\"asia voyages un guide pour voyager sereinement\" srcset=\"https:\/\/almatraveltour.com\/wp-content\/uploads\/2024\/04\/DSC00381.webp 1365w, https:\/\/almatraveltour.com\/wp-content\/uploads\/2024\/04\/DSC00381-600x900.webp 600w, https:\/\/almatraveltour.com\/wp-content\/uploads\/2024\/04\/DSC00381-200x300.webp 200w, https:\/\/almatraveltour.com\/wp-content\/uploads\/2024\/04\/DSC00381-683x1024.webp 683w, https:\/\/almatraveltour.com\/wp-content\/uploads\/2024\/04\/DSC00381-768x1152.webp 768w, https:\/\/almatraveltour.com\/wp-content\/uploads\/2024\/04\/DSC00381-1024x1536.webp 1024w, https:\/\/almatraveltour.com\/wp-content\/uploads\/2024\/04\/DSC00381-1320x1980.webp 1320w\" sizes=\"(max-width: 1365px) 100vw, 1365px\" \/>\t\t\t\t\t\t\t\t\t\t\t\t\t\t\t<\/div>\n\t\t\t\t<\/div>\n\t\t\t\t\t<\/div>\n\t\t\t\t<\/div>\n\t\t\t\t<\/div>\n\t\t","protected":false},"excerpt":{"rendered":"<p>Our Asia Blog Asia voyages: explore Asia differently with our itineraries, tips and practical guides. Welcome to Asia voyages Are [&hellip;]<\/p>\n","protected":false},"author":1,"featured_media":0,"parent":0,"menu_order":0,"comment_status":"closed","ping_status":"closed","template":"","meta":{"site-sidebar-layout":"no-sidebar","site-content-layout":"","ast-site-content-layout":"full-width-container","site-content-style":"default","site-sidebar-style":"default","ast-global-header-display":"","ast-banner-title-visibility":"","ast-main-header-display":"","ast-hfb-above-header-display":"","ast-hfb-below-header-display":"","ast-hfb-mobile-header-display":"","site-post-title":"disabled","ast-breadcrumbs-content":"","ast-featured-img":"disabled","footer-sml-layout":"","ast-disable-related-posts":"","theme-transparent-header-meta":"disabled","adv-header-id-meta":"","stick-header-meta":"enabled","header-above-stick-meta":"","header-main-stick-meta":"","header-below-stick-meta":"","astra-migrate-meta-layouts":"default","ast-page-background-enabled":"default","ast-page-background-meta":{"desktop":{"background-color":"var(--ast-global-color-4)","background-image":"","background-repeat":"repeat","background-position":"center center","background-size":"auto","background-attachment":"scroll","background-type":"","background-media":"","overlay-type":"","overlay-color":"","overlay-opacity":"","overlay-gradient":""},"tablet":{"background-color":"","background-image":"","background-repeat":"repeat","background-position":"center center","background-size":"auto","background-attachment":"scroll","background-type":"","background-media":"","overlay-type":"","overlay-color":"","overlay-opacity":"","overlay-gradient":""},"mobile":{"background-color":"","background-image":"","background-repeat":"repeat","background-position":"center center","background-size":"auto","background-attachment":"scroll","background-type":"","background-media":"","overlay-type":"","overlay-color":"","overlay-opacity":"","overlay-gradient":""}},"ast-content-background-meta":{"desktop":{"background-color":"var(--ast-global-color-5)","background-image":"","background-repeat":"repeat","background-position":"center center","background-size":"auto","background-attachment":"scroll","background-type":"","background-media":"","overlay-type":"","overlay-color":"","overlay-opacity":"","overlay-gradient":""},"tablet":{"background-color":"var(--ast-global-color-5)","background-image":"","background-repeat":"repeat","background-position":"center center","background-size":"auto","background-attachment":"scroll","background-type":"","background-media":"","overlay-type":"","overlay-color":"","overlay-opacity":"","overlay-gradient":""},"mobile":{"background-color":"var(--ast-global-color-5)","background-image":"","background-repeat":"repeat","background-position":"center center","background-size":"auto","background-attachment":"scroll","background-type":"","background-media":"","overlay-type":"","overlay-color":"","overlay-opacity":"","overlay-gradient":""}},"footnotes":""},"class_list":["post-33608","page","type-page","status-publish","hentry"],"yoast_head":"<!-- This site is optimized with the Yoast SEO Premium plugin v26.6 (Yoast SEO v27.4) - https:\/\/yoast.com\/product\/yoast-seo-premium-wordpress\/ -->\n<title>Asia Voyages and its must-see destinations<\/title>\n<meta name=\"description\" content=\"Let yourself be carried away by the adventure of Asian travel. Learn and grow from its hidden treasures and rich culture.\" \/>\n<meta name=\"robots\" content=\"index, follow, max-snippet:-1, max-image-preview:large, max-video-preview:-1\" \/>\n<link rel=\"canonical\" href=\"https:\/\/almatraveltour.com\/en\/blogs-asia\/\" \/>\n<meta property=\"og:locale\" content=\"en_US\" \/>\n<meta property=\"og:type\" content=\"article\" \/>\n<meta property=\"og:title\" content=\"Blogs Asia\" \/>\n<meta property=\"og:description\" content=\"Let yourself be carried away by the adventure of Asian travel. Learn and grow from its hidden treasures and rich culture.\" \/>\n<meta property=\"og:url\" content=\"https:\/\/almatraveltour.com\/en\/blogs-asia\/\" \/>\n<meta property=\"og:site_name\" content=\"Almatraveltour\" \/>\n<meta property=\"article:modified_time\" content=\"2025-03-29T10:25:41+00:00\" \/>\n<meta property=\"og:image\" content=\"https:\/\/almatraveltour.com\/wp-content\/uploads\/2024\/04\/DSC00381.webp\" \/>\n<meta name=\"twitter:card\" content=\"summary_large_image\" \/>\n<meta name=\"twitter:label1\" content=\"Est. reading time\" \/>\n\t<meta name=\"twitter:data1\" content=\"2 minutes\" \/>\n<script type=\"application\/ld+json\" class=\"yoast-schema-graph\">{\"@context\":\"https:\\\/\\\/schema.org\",\"@graph\":[{\"@type\":\"WebPage\",\"@id\":\"https:\\\/\\\/almatraveltour.com\\\/en\\\/blogs-asia\\\/\",\"url\":\"https:\\\/\\\/almatraveltour.com\\\/en\\\/blogs-asia\\\/\",\"name\":\"Asia Voyages and its must-see destinations\",\"isPartOf\":{\"@id\":\"https:\\\/\\\/almatraveltour.com\\\/en\\\/#website\"},\"primaryImageOfPage\":{\"@id\":\"https:\\\/\\\/almatraveltour.com\\\/en\\\/blogs-asia\\\/#primaryimage\"},\"image\":{\"@id\":\"https:\\\/\\\/almatraveltour.com\\\/en\\\/blogs-asia\\\/#primaryimage\"},\"thumbnailUrl\":\"https:\\\/\\\/almatraveltour.com\\\/wp-content\\\/uploads\\\/2024\\\/04\\\/DSC00381.webp\",\"datePublished\":\"2025-01-20T14:21:13+00:00\",\"dateModified\":\"2025-03-29T10:25:41+00:00\",\"description\":\"Let yourself be carried away by the adventure of Asian travel. Learn and grow from its hidden treasures and rich culture.\",\"breadcrumb\":{\"@id\":\"https:\\\/\\\/almatraveltour.com\\\/en\\\/blogs-asia\\\/#breadcrumb\"},\"inLanguage\":\"en-US\",\"potentialAction\":[{\"@type\":\"ReadAction\",\"target\":[\"https:\\\/\\\/almatraveltour.com\\\/en\\\/blogs-asia\\\/\"]}]},{\"@type\":\"ImageObject\",\"inLanguage\":\"en-US\",\"@id\":\"https:\\\/\\\/almatraveltour.com\\\/en\\\/blogs-asia\\\/#primaryimage\",\"url\":\"https:\\\/\\\/almatraveltour.com\\\/wp-content\\\/uploads\\\/2024\\\/04\\\/DSC00381.webp\",\"contentUrl\":\"https:\\\/\\\/almatraveltour.com\\\/wp-content\\\/uploads\\\/2024\\\/04\\\/DSC00381.webp\"},{\"@type\":\"BreadcrumbList\",\"@id\":\"https:\\\/\\\/almatraveltour.com\\\/en\\\/blogs-asia\\\/#breadcrumb\",\"itemListElement\":[{\"@type\":\"ListItem\",\"position\":1,\"name\":\"Accueil\",\"item\":\"https:\\\/\\\/almatraveltour.com\\\/en\\\/home\\\/\"},{\"@type\":\"ListItem\",\"position\":2,\"name\":\"Blogs Asia\"}]},{\"@type\":\"WebSite\",\"@id\":\"https:\\\/\\\/almatraveltour.com\\\/en\\\/#website\",\"url\":\"https:\\\/\\\/almatraveltour.com\\\/en\\\/\",\"name\":\"Almatraveltour\",\"description\":\"Ensemble, explorons le monde et cultivons le bien-\u00eatre \u00e0 chaque \u00e9tape.\",\"publisher\":{\"@id\":\"https:\\\/\\\/almatraveltour.com\\\/en\\\/#\\\/schema\\\/person\\\/5973dc5ee1f592c00060c7de305c99db\"},\"potentialAction\":[{\"@type\":\"SearchAction\",\"target\":{\"@type\":\"EntryPoint\",\"urlTemplate\":\"https:\\\/\\\/almatraveltour.com\\\/en\\\/?s={search_term_string}\"},\"query-input\":{\"@type\":\"PropertyValueSpecification\",\"valueRequired\":true,\"valueName\":\"search_term_string\"}}],\"inLanguage\":\"en-US\"},{\"@type\":[\"Person\",\"Organization\"],\"@id\":\"https:\\\/\\\/almatraveltour.com\\\/en\\\/#\\\/schema\\\/person\\\/5973dc5ee1f592c00060c7de305c99db\",\"name\":\"Alexis Sarazin\",\"image\":{\"@type\":\"ImageObject\",\"inLanguage\":\"en-US\",\"@id\":\"https:\\\/\\\/almatraveltour.com\\\/wp-content\\\/uploads\\\/2025\\\/01\\\/cropped-logo.jpg\",\"url\":\"https:\\\/\\\/almatraveltour.com\\\/wp-content\\\/uploads\\\/2025\\\/01\\\/cropped-logo.jpg\",\"contentUrl\":\"https:\\\/\\\/almatraveltour.com\\\/wp-content\\\/uploads\\\/2025\\\/01\\\/cropped-logo.jpg\",\"width\":334,\"height\":372,\"caption\":\"Alexis Sarazin\"},\"logo\":{\"@id\":\"https:\\\/\\\/almatraveltour.com\\\/wp-content\\\/uploads\\\/2025\\\/01\\\/cropped-logo.jpg\"},\"sameAs\":[\"https:\\\/\\\/almatraveltour.com\"]}]}<\/script>\n<!-- \/ Yoast SEO Premium plugin. -->","yoast_head_json":{"title":"Asia Voyages and its must-see destinations","description":"Let yourself be carried away by the adventure of Asian travel. Learn and grow from its hidden treasures and rich culture.","robots":{"index":"index","follow":"follow","max-snippet":"max-snippet:-1","max-image-preview":"max-image-preview:large","max-video-preview":"max-video-preview:-1"},"canonical":"https:\/\/almatraveltour.com\/en\/blogs-asia\/","og_locale":"en_US","og_type":"article","og_title":"Blogs Asia","og_description":"Let yourself be carried away by the adventure of Asian travel. Learn and grow from its hidden treasures and rich culture.","og_url":"https:\/\/almatraveltour.com\/en\/blogs-asia\/","og_site_name":"Almatraveltour","article_modified_time":"2025-03-29T10:25:41+00:00","og_image":[{"url":"https:\/\/almatraveltour.com\/wp-content\/uploads\/2024\/04\/DSC00381.webp","type":"","width":"","height":""}],"twitter_card":"summary_large_image","twitter_misc":{"Est. reading time":"2 minutes"},"schema":{"@context":"https:\/\/schema.org","@graph":[{"@type":"WebPage","@id":"https:\/\/almatraveltour.com\/en\/blogs-asia\/","url":"https:\/\/almatraveltour.com\/en\/blogs-asia\/","name":"Asia Voyages and its must-see destinations","isPartOf":{"@id":"https:\/\/almatraveltour.com\/en\/#website"},"primaryImageOfPage":{"@id":"https:\/\/almatraveltour.com\/en\/blogs-asia\/#primaryimage"},"image":{"@id":"https:\/\/almatraveltour.com\/en\/blogs-asia\/#primaryimage"},"thumbnailUrl":"https:\/\/almatraveltour.com\/wp-content\/uploads\/2024\/04\/DSC00381.webp","datePublished":"2025-01-20T14:21:13+00:00","dateModified":"2025-03-29T10:25:41+00:00","description":"Let yourself be carried away by the adventure of Asian travel. Learn and grow from its hidden treasures and rich culture.","breadcrumb":{"@id":"https:\/\/almatraveltour.com\/en\/blogs-asia\/#breadcrumb"},"inLanguage":"en-US","potentialAction":[{"@type":"ReadAction","target":["https:\/\/almatraveltour.com\/en\/blogs-asia\/"]}]},{"@type":"ImageObject","inLanguage":"en-US","@id":"https:\/\/almatraveltour.com\/en\/blogs-asia\/#primaryimage","url":"https:\/\/almatraveltour.com\/wp-content\/uploads\/2024\/04\/DSC00381.webp","contentUrl":"https:\/\/almatraveltour.com\/wp-content\/uploads\/2024\/04\/DSC00381.webp"},{"@type":"BreadcrumbList","@id":"https:\/\/almatraveltour.com\/en\/blogs-asia\/#breadcrumb","itemListElement":[{"@type":"ListItem","position":1,"name":"Accueil","item":"https:\/\/almatraveltour.com\/en\/home\/"},{"@type":"ListItem","position":2,"name":"Blogs Asia"}]},{"@type":"WebSite","@id":"https:\/\/almatraveltour.com\/en\/#website","url":"https:\/\/almatraveltour.com\/en\/","name":"Almatraveltour","description":"Ensemble, explorons le monde et cultivons le bien-\u00eatre \u00e0 chaque \u00e9tape.","publisher":{"@id":"https:\/\/almatraveltour.com\/en\/#\/schema\/person\/5973dc5ee1f592c00060c7de305c99db"},"potentialAction":[{"@type":"SearchAction","target":{"@type":"EntryPoint","urlTemplate":"https:\/\/almatraveltour.com\/en\/?s={search_term_string}"},"query-input":{"@type":"PropertyValueSpecification","valueRequired":true,"valueName":"search_term_string"}}],"inLanguage":"en-US"},{"@type":["Person","Organization"],"@id":"https:\/\/almatraveltour.com\/en\/#\/schema\/person\/5973dc5ee1f592c00060c7de305c99db","name":"Alexis Sarazin","image":{"@type":"ImageObject","inLanguage":"en-US","@id":"https:\/\/almatraveltour.com\/wp-content\/uploads\/2025\/01\/cropped-logo.jpg","url":"https:\/\/almatraveltour.com\/wp-content\/uploads\/2025\/01\/cropped-logo.jpg","contentUrl":"https:\/\/almatraveltour.com\/wp-content\/uploads\/2025\/01\/cropped-logo.jpg","width":334,"height":372,"caption":"Alexis Sarazin"},"logo":{"@id":"https:\/\/almatraveltour.com\/wp-content\/uploads\/2025\/01\/cropped-logo.jpg"},"sameAs":["https:\/\/almatraveltour.com"]}]}},"_links":{"self":[{"href":"https:\/\/almatraveltour.com\/en\/wp-json\/wp\/v2\/pages\/33608","targetHints":{"allow":["GET"]}}],"collection":[{"href":"https:\/\/almatraveltour.com\/en\/wp-json\/wp\/v2\/pages"}],"about":[{"href":"https:\/\/almatraveltour.com\/en\/wp-json\/wp\/v2\/types\/page"}],"author":[{"embeddable":true,"href":"https:\/\/almatraveltour.com\/en\/wp-json\/wp\/v2\/users\/1"}],"replies":[{"embeddable":true,"href":"https:\/\/almatraveltour.com\/en\/wp-json\/wp\/v2\/comments?post=33608"}],"version-history":[{"count":0,"href":"https:\/\/almatraveltour.com\/en\/wp-json\/wp\/v2\/pages\/33608\/revisions"}],"wp:attachment":[{"href":"https:\/\/almatraveltour.com\/en\/wp-json\/wp\/v2\/media?parent=33608"}],"curies":[{"name":"wp","href":"https:\/\/api.w.org\/{rel}","templated":true}]}}