{"id":33576,"date":"2025-01-20T15:52:11","date_gmt":"2025-01-20T14:52:11","guid":{"rendered":"https:\/\/almatraveltour.com\/blogs-south-america\/"},"modified":"2025-03-29T10:24:54","modified_gmt":"2025-03-29T09:24:54","slug":"blogs-south-america","status":"publish","type":"page","link":"https:\/\/almatraveltour.com\/en\/blogs-south-america\/","title":{"rendered":"Blogs South America"},"content":{"rendered":"\t\t<div data-elementor-type=\"wp-page\" data-elementor-id=\"33576\" class=\"elementor elementor-33576 elementor-32042\" data-elementor-post-type=\"page\">\n\t\t\t\t<div class=\"elementor-element elementor-element-beed2d2 e-flex e-con-boxed e-con e-parent\" data-id=\"beed2d2\" data-element_type=\"container\" data-e-type=\"container\">\n\t\t\t\t\t<div class=\"e-con-inner\">\n\t\t<div class=\"elementor-element elementor-element-8e33cc6 e-con-full e-flex e-con e-child\" data-id=\"8e33cc6\" data-element_type=\"container\" data-e-type=\"container\" data-settings=\"{&quot;background_background&quot;:&quot;slideshow&quot;,&quot;background_slideshow_gallery&quot;:[{&quot;id&quot;:31730,&quot;url&quot;:&quot;https:\\\/\\\/almatraveltour.com\\\/wp-content\\\/uploads\\\/2025\\\/01\\\/DSC01660.jpg&quot;}],&quot;background_slideshow_loop&quot;:&quot;yes&quot;,&quot;background_slideshow_slide_duration&quot;:5000,&quot;background_slideshow_slide_transition&quot;:&quot;fade&quot;,&quot;background_slideshow_transition_duration&quot;:500}\">\n\t\t\t\t<div class=\"elementor-element elementor-element-9ca8bf5 elementor-widget elementor-widget-heading\" data-id=\"9ca8bf5\" data-element_type=\"widget\" data-e-type=\"widget\" data-widget_type=\"heading.default\">\n\t\t\t\t\t<h1 class=\"elementor-heading-title elementor-size-default\">Our South America Blog<\/h1>\t\t\t\t<\/div>\n\t\t\t\t<div class=\"elementor-element elementor-element-b581974 elementor-widget elementor-widget-text-editor\" data-id=\"b581974\" data-element_type=\"widget\" data-e-type=\"widget\" data-widget_type=\"text-editor.default\">\n\t\t\t\t\t\t\t\t\t<p>Explore through our guides, itineraries and travel tips<\/p>\n\t\t\t\t\t\t\t\t<\/div>\n\t\t\t\t<\/div>\n\t\t\t\t\t<\/div>\n\t\t\t\t<\/div>\n\t\t<div class=\"elementor-element elementor-element-eb812a8 e-con-full e-flex e-con e-parent\" data-id=\"eb812a8\" data-element_type=\"container\" data-e-type=\"container\">\n\t\t\t\t<div class=\"elementor-element elementor-element-65960f3 elementor-widget elementor-widget-text-editor\" data-id=\"65960f3\" data-element_type=\"widget\" data-e-type=\"widget\" data-widget_type=\"text-editor.default\">\n\t\t\t\t\t\t\t\t\t<h3 class=\"\" data-start=\"92\" data-end=\"146\">Welcome to our blog dedicated to South America<\/h3>\n<p class=\"\" data-start=\"148\" data-end=\"364\">Feel like exploring? Whether you&#8217;re dreaming of climbing the peaks of the Andes, exploring <a href=\"https:\/\/fr.wikipedia.org\/wiki\/Patagonie\" target=\"_blank\" rel=\"noopener\">Patagonia<\/a> or immersing yourself in the colorful culture of Peru or Colombia, this blog is for you. <\/p>\n<p class=\"\" data-start=\"366\" data-end=\"549\">On this page, you&#8217;ll find all our travel guides, detailed itineraries and practical tips for exploring South America in an authentic, well-organized way.<\/p>\n<hr class=\"\" data-start=\"551\" data-end=\"554\">\n<h3 class=\"\" data-start=\"556\" data-end=\"601\">Reliable resources for better travel<\/h3>\n<p class=\"\" data-start=\"603\" data-end=\"848\">Travelling in South America often requires a great deal of preparation. That&#8217;s why we&#8217;ve created downloadable eBooks, PDF itineraries and clear, precise blog articles designed to accompany you every step of the way. <\/p>\n<p class=\"\" data-start=\"850\" data-end=\"883\">Thanks to our content, you&#8217;ll know :<\/p>\n<ul data-start=\"884\" data-end=\"1076\">\n<li class=\"\" data-start=\"884\" data-end=\"933\">\n<p class=\"\" data-start=\"886\" data-end=\"933\">When to go, depending on season and region,<\/p>\n<\/li>\n<li class=\"\" data-start=\"934\" data-end=\"1011\">\n<p class=\"\" data-start=\"936\" data-end=\"1011\">How to move easily between countries or within the same zone,<\/p>\n<\/li>\n<li class=\"\" data-start=\"1012\" data-end=\"1076\">\n<p class=\"\" data-start=\"1014\" data-end=\"1076\">Which places to visit first, according to your time and budget.<\/p>\n<\/li>\n<\/ul>\n<hr class=\"\" data-start=\"1078\" data-end=\"1081\">\n<h3 class=\"\" data-start=\"1083\" data-end=\"1141\">Why put your trust in us for South America?<\/h3>\n<p class=\"\" data-start=\"1143\" data-end=\"1345\">Because we prefer concrete, honest advice based on experience. All our itineraries in <strong>South America<\/strong> are carefully tested or designed, with particular attention paid to : <\/p>\n<ul data-start=\"1346\" data-end=\"1476\">\n<li class=\"\" data-start=\"1346\" data-end=\"1373\">\n<p class=\"\" data-start=\"1348\" data-end=\"1373\">to local logistics,<\/p>\n<\/li>\n<li class=\"\" data-start=\"1374\" data-end=\"1419\">\n<p class=\"\" data-start=\"1376\" data-end=\"1419\">authentic cultural experiences,<\/p>\n<\/li>\n<li class=\"\" data-start=\"1420\" data-end=\"1476\">\n<p class=\"\" data-start=\"1422\" data-end=\"1476\">and responsible alternatives to mass tourism.<\/p>\n<\/li>\n<\/ul>\n<p class=\"\" data-start=\"1478\" data-end=\"1653\">From Argentina to Peru, via Bolivia, Colombia and Chile, you&#8217;ll find everything you need to build a trip that&#8217;s just right for you.<\/p>\n<hr class=\"\" data-start=\"1655\" data-end=\"1658\">\n<h3 class=\"\" data-start=\"1660\" data-end=\"1692\">Download, plan, travel<\/h3>\n<p class=\"\" data-start=\"1694\" data-end=\"1863\">Ready to go? Explore our dedicated articles, <strong><a href=\"https:\/\/almatraveltour.com\/boutique\/\">download our exclusive eBooks<\/a><\/strong> or discover our photo presets to enhance your travel memories. <\/p>\n<p class=\"\" data-start=\"1865\" data-end=\"1936\">Our guides are coming soon : <strong><a href=\"https:\/\/www.instagram.com\/almatraveltour\/?hl=fr\" target=\"_blank\" rel=\"noopener\">stay tuned!<\/a><\/strong><\/p>\n\t\t\t\t\t\t\t\t<\/div>\n\t\t\t\t<\/div>\n\t\t<div class=\"elementor-element elementor-element-09f4831 e-flex e-con-boxed e-con e-parent\" data-id=\"09f4831\" data-element_type=\"container\" data-e-type=\"container\">\n\t\t\t\t\t<div class=\"e-con-inner\">\n\t\t\t\t<div class=\"elementor-element elementor-element-2b17d7f elementor-widget elementor-widget-heading\" data-id=\"2b17d7f\" data-element_type=\"widget\" data-e-type=\"widget\" data-widget_type=\"heading.default\">\n\t\t\t\t\t<h2 class=\"elementor-heading-title elementor-size-default\"><span style=\"font-size: 25px;text-align: var(--text-align);background-color: var(--ast-global-color-0)\">All our articles<\/span><\/h2>\t\t\t\t<\/div>\n\t\t\t\t\t<\/div>\n\t\t\t\t<\/div>\n\t\t<div class=\"elementor-element elementor-element-3b11486 e-flex e-con-boxed e-con e-parent\" data-id=\"3b11486\" data-element_type=\"container\" data-e-type=\"container\">\n\t\t\t\t\t<div class=\"e-con-inner\">\n\t\t\t\t<div class=\"elementor-element elementor-element-aadabcc elementor-widget elementor-widget-heading\" data-id=\"aadabcc\" data-element_type=\"widget\" data-e-type=\"widget\" data-widget_type=\"heading.default\">\n\t\t\t\t\t<h2 class=\"elementor-heading-title elementor-size-default\">Our E-books on <span style=\"font-size: 1.875rem;text-align: var(--text-align);background-color: var(--ast-global-color-0)\">South America<\/span><span style=\"color: var(--ast-global-color-1);font-size: 1.875rem;font-style: inherit;text-align: var(--text-align);background-color: var(--ast-global-color-0)\"><\/span><br><\/h2>\t\t\t\t<\/div>\n\t\t\t\t\t<\/div>\n\t\t\t\t<\/div>\n\t\t\t\t<\/div>\n\t\t","protected":false},"excerpt":{"rendered":"<p>Our South America Blog Explore through our guides, itineraries and travel tips Welcome to our blog dedicated to South America [&hellip;]<\/p>\n","protected":false},"author":1,"featured_media":0,"parent":0,"menu_order":0,"comment_status":"closed","ping_status":"closed","template":"","meta":{"site-sidebar-layout":"no-sidebar","site-content-layout":"","ast-site-content-layout":"full-width-container","site-content-style":"default","site-sidebar-style":"default","ast-global-header-display":"","ast-banner-title-visibility":"","ast-main-header-display":"","ast-hfb-above-header-display":"","ast-hfb-below-header-display":"","ast-hfb-mobile-header-display":"","site-post-title":"disabled","ast-breadcrumbs-content":"","ast-featured-img":"disabled","footer-sml-layout":"","ast-disable-related-posts":"","theme-transparent-header-meta":"","adv-header-id-meta":"","stick-header-meta":"","header-above-stick-meta":"","header-main-stick-meta":"","header-below-stick-meta":"","astra-migrate-meta-layouts":"default","ast-page-background-enabled":"default","ast-page-background-meta":{"desktop":{"background-color":"var(--ast-global-color-4)","background-image":"","background-repeat":"repeat","background-position":"center center","background-size":"auto","background-attachment":"scroll","background-type":"","background-media":"","overlay-type":"","overlay-color":"","overlay-opacity":"","overlay-gradient":""},"tablet":{"background-color":"","background-image":"","background-repeat":"repeat","background-position":"center center","background-size":"auto","background-attachment":"scroll","background-type":"","background-media":"","overlay-type":"","overlay-color":"","overlay-opacity":"","overlay-gradient":""},"mobile":{"background-color":"","background-image":"","background-repeat":"repeat","background-position":"center center","background-size":"auto","background-attachment":"scroll","background-type":"","background-media":"","overlay-type":"","overlay-color":"","overlay-opacity":"","overlay-gradient":""}},"ast-content-background-meta":{"desktop":{"background-color":"var(--ast-global-color-5)","background-image":"","background-repeat":"repeat","background-position":"center center","background-size":"auto","background-attachment":"scroll","background-type":"","background-media":"","overlay-type":"","overlay-color":"","overlay-opacity":"","overlay-gradient":""},"tablet":{"background-color":"var(--ast-global-color-5)","background-image":"","background-repeat":"repeat","background-position":"center center","background-size":"auto","background-attachment":"scroll","background-type":"","background-media":"","overlay-type":"","overlay-color":"","overlay-opacity":"","overlay-gradient":""},"mobile":{"background-color":"var(--ast-global-color-5)","background-image":"","background-repeat":"repeat","background-position":"center center","background-size":"auto","background-attachment":"scroll","background-type":"","background-media":"","overlay-type":"","overlay-color":"","overlay-opacity":"","overlay-gradient":""}},"footnotes":""},"class_list":["post-33576","page","type-page","status-publish","hentry"],"yoast_head":"<!-- This site is optimized with the Yoast SEO Premium plugin v26.6 (Yoast SEO v27.4) - https:\/\/yoast.com\/product\/yoast-seo-premium-wordpress\/ -->\n<title>South America: fascinating culture and traditions - Almatraveltour<\/title>\n<meta name=\"description\" content=\"Discover South America, with its thrilling adventures and breathtaking landscapes. Don&#039;t miss these experiences.\" \/>\n<meta name=\"robots\" content=\"index, follow, max-snippet:-1, max-image-preview:large, max-video-preview:-1\" \/>\n<link rel=\"canonical\" href=\"https:\/\/almatraveltour.com\/en\/blogs-south-america\/\" \/>\n<meta property=\"og:locale\" content=\"en_US\" \/>\n<meta property=\"og:type\" content=\"article\" \/>\n<meta property=\"og:title\" content=\"Blogs South America\" \/>\n<meta property=\"og:description\" content=\"Discover South America, with its thrilling adventures and breathtaking landscapes. Don&#039;t miss these experiences.\" \/>\n<meta property=\"og:url\" content=\"https:\/\/almatraveltour.com\/en\/blogs-south-america\/\" \/>\n<meta property=\"og:site_name\" content=\"Almatraveltour\" \/>\n<meta property=\"article:modified_time\" content=\"2025-03-29T09:24:54+00:00\" \/>\n<meta property=\"og:image\" content=\"https:\/\/almatraveltour.com\/wp-content\/uploads\/2024\/03\/ASR9224.jpeg\" \/>\n\t<meta property=\"og:image:width\" content=\"988\" \/>\n\t<meta property=\"og:image:height\" content=\"1479\" \/>\n\t<meta property=\"og:image:type\" content=\"image\/jpeg\" \/>\n<meta name=\"twitter:card\" content=\"summary_large_image\" \/>\n<meta name=\"twitter:label1\" content=\"Est. reading time\" \/>\n\t<meta name=\"twitter:data1\" content=\"1 minute\" \/>\n<script type=\"application\/ld+json\" class=\"yoast-schema-graph\">{\"@context\":\"https:\\\/\\\/schema.org\",\"@graph\":[{\"@type\":\"WebPage\",\"@id\":\"https:\\\/\\\/almatraveltour.com\\\/en\\\/blogs-south-america\\\/\",\"url\":\"https:\\\/\\\/almatraveltour.com\\\/en\\\/blogs-south-america\\\/\",\"name\":\"South America: fascinating culture and traditions - Almatraveltour\",\"isPartOf\":{\"@id\":\"https:\\\/\\\/almatraveltour.com\\\/en\\\/#website\"},\"datePublished\":\"2025-01-20T14:52:11+00:00\",\"dateModified\":\"2025-03-29T09:24:54+00:00\",\"description\":\"Discover South America, with its thrilling adventures and breathtaking landscapes. Don't miss these experiences.\",\"breadcrumb\":{\"@id\":\"https:\\\/\\\/almatraveltour.com\\\/en\\\/blogs-south-america\\\/#breadcrumb\"},\"inLanguage\":\"en-US\",\"potentialAction\":[{\"@type\":\"ReadAction\",\"target\":[\"https:\\\/\\\/almatraveltour.com\\\/en\\\/blogs-south-america\\\/\"]}]},{\"@type\":\"BreadcrumbList\",\"@id\":\"https:\\\/\\\/almatraveltour.com\\\/en\\\/blogs-south-america\\\/#breadcrumb\",\"itemListElement\":[{\"@type\":\"ListItem\",\"position\":1,\"name\":\"Accueil\",\"item\":\"https:\\\/\\\/almatraveltour.com\\\/en\\\/home\\\/\"},{\"@type\":\"ListItem\",\"position\":2,\"name\":\"Blogs South America\"}]},{\"@type\":\"WebSite\",\"@id\":\"https:\\\/\\\/almatraveltour.com\\\/en\\\/#website\",\"url\":\"https:\\\/\\\/almatraveltour.com\\\/en\\\/\",\"name\":\"Almatraveltour\",\"description\":\"Ensemble, explorons le monde et cultivons le bien-\u00eatre \u00e0 chaque \u00e9tape.\",\"publisher\":{\"@id\":\"https:\\\/\\\/almatraveltour.com\\\/en\\\/#\\\/schema\\\/person\\\/5973dc5ee1f592c00060c7de305c99db\"},\"potentialAction\":[{\"@type\":\"SearchAction\",\"target\":{\"@type\":\"EntryPoint\",\"urlTemplate\":\"https:\\\/\\\/almatraveltour.com\\\/en\\\/?s={search_term_string}\"},\"query-input\":{\"@type\":\"PropertyValueSpecification\",\"valueRequired\":true,\"valueName\":\"search_term_string\"}}],\"inLanguage\":\"en-US\"},{\"@type\":[\"Person\",\"Organization\"],\"@id\":\"https:\\\/\\\/almatraveltour.com\\\/en\\\/#\\\/schema\\\/person\\\/5973dc5ee1f592c00060c7de305c99db\",\"name\":\"Alexis Sarazin\",\"image\":{\"@type\":\"ImageObject\",\"inLanguage\":\"en-US\",\"@id\":\"https:\\\/\\\/almatraveltour.com\\\/wp-content\\\/uploads\\\/2025\\\/01\\\/cropped-logo.jpg\",\"url\":\"https:\\\/\\\/almatraveltour.com\\\/wp-content\\\/uploads\\\/2025\\\/01\\\/cropped-logo.jpg\",\"contentUrl\":\"https:\\\/\\\/almatraveltour.com\\\/wp-content\\\/uploads\\\/2025\\\/01\\\/cropped-logo.jpg\",\"width\":334,\"height\":372,\"caption\":\"Alexis Sarazin\"},\"logo\":{\"@id\":\"https:\\\/\\\/almatraveltour.com\\\/wp-content\\\/uploads\\\/2025\\\/01\\\/cropped-logo.jpg\"},\"sameAs\":[\"https:\\\/\\\/almatraveltour.com\"]}]}<\/script>\n<!-- \/ Yoast SEO Premium plugin. -->","yoast_head_json":{"title":"South America: fascinating culture and traditions - Almatraveltour","description":"Discover South America, with its thrilling adventures and breathtaking landscapes. Don't miss these experiences.","robots":{"index":"index","follow":"follow","max-snippet":"max-snippet:-1","max-image-preview":"max-image-preview:large","max-video-preview":"max-video-preview:-1"},"canonical":"https:\/\/almatraveltour.com\/en\/blogs-south-america\/","og_locale":"en_US","og_type":"article","og_title":"Blogs South America","og_description":"Discover South America, with its thrilling adventures and breathtaking landscapes. Don't miss these experiences.","og_url":"https:\/\/almatraveltour.com\/en\/blogs-south-america\/","og_site_name":"Almatraveltour","article_modified_time":"2025-03-29T09:24:54+00:00","og_image":[{"width":988,"height":1479,"url":"https:\/\/almatraveltour.com\/wp-content\/uploads\/2024\/03\/ASR9224.jpeg","type":"image\/jpeg"}],"twitter_card":"summary_large_image","twitter_misc":{"Est. reading time":"1 minute"},"schema":{"@context":"https:\/\/schema.org","@graph":[{"@type":"WebPage","@id":"https:\/\/almatraveltour.com\/en\/blogs-south-america\/","url":"https:\/\/almatraveltour.com\/en\/blogs-south-america\/","name":"South America: fascinating culture and traditions - Almatraveltour","isPartOf":{"@id":"https:\/\/almatraveltour.com\/en\/#website"},"datePublished":"2025-01-20T14:52:11+00:00","dateModified":"2025-03-29T09:24:54+00:00","description":"Discover South America, with its thrilling adventures and breathtaking landscapes. Don't miss these experiences.","breadcrumb":{"@id":"https:\/\/almatraveltour.com\/en\/blogs-south-america\/#breadcrumb"},"inLanguage":"en-US","potentialAction":[{"@type":"ReadAction","target":["https:\/\/almatraveltour.com\/en\/blogs-south-america\/"]}]},{"@type":"BreadcrumbList","@id":"https:\/\/almatraveltour.com\/en\/blogs-south-america\/#breadcrumb","itemListElement":[{"@type":"ListItem","position":1,"name":"Accueil","item":"https:\/\/almatraveltour.com\/en\/home\/"},{"@type":"ListItem","position":2,"name":"Blogs South America"}]},{"@type":"WebSite","@id":"https:\/\/almatraveltour.com\/en\/#website","url":"https:\/\/almatraveltour.com\/en\/","name":"Almatraveltour","description":"Ensemble, explorons le monde et cultivons le bien-\u00eatre \u00e0 chaque \u00e9tape.","publisher":{"@id":"https:\/\/almatraveltour.com\/en\/#\/schema\/person\/5973dc5ee1f592c00060c7de305c99db"},"potentialAction":[{"@type":"SearchAction","target":{"@type":"EntryPoint","urlTemplate":"https:\/\/almatraveltour.com\/en\/?s={search_term_string}"},"query-input":{"@type":"PropertyValueSpecification","valueRequired":true,"valueName":"search_term_string"}}],"inLanguage":"en-US"},{"@type":["Person","Organization"],"@id":"https:\/\/almatraveltour.com\/en\/#\/schema\/person\/5973dc5ee1f592c00060c7de305c99db","name":"Alexis Sarazin","image":{"@type":"ImageObject","inLanguage":"en-US","@id":"https:\/\/almatraveltour.com\/wp-content\/uploads\/2025\/01\/cropped-logo.jpg","url":"https:\/\/almatraveltour.com\/wp-content\/uploads\/2025\/01\/cropped-logo.jpg","contentUrl":"https:\/\/almatraveltour.com\/wp-content\/uploads\/2025\/01\/cropped-logo.jpg","width":334,"height":372,"caption":"Alexis Sarazin"},"logo":{"@id":"https:\/\/almatraveltour.com\/wp-content\/uploads\/2025\/01\/cropped-logo.jpg"},"sameAs":["https:\/\/almatraveltour.com"]}]}},"_links":{"self":[{"href":"https:\/\/almatraveltour.com\/en\/wp-json\/wp\/v2\/pages\/33576","targetHints":{"allow":["GET"]}}],"collection":[{"href":"https:\/\/almatraveltour.com\/en\/wp-json\/wp\/v2\/pages"}],"about":[{"href":"https:\/\/almatraveltour.com\/en\/wp-json\/wp\/v2\/types\/page"}],"author":[{"embeddable":true,"href":"https:\/\/almatraveltour.com\/en\/wp-json\/wp\/v2\/users\/1"}],"replies":[{"embeddable":true,"href":"https:\/\/almatraveltour.com\/en\/wp-json\/wp\/v2\/comments?post=33576"}],"version-history":[{"count":0,"href":"https:\/\/almatraveltour.com\/en\/wp-json\/wp\/v2\/pages\/33576\/revisions"}],"wp:attachment":[{"href":"https:\/\/almatraveltour.com\/en\/wp-json\/wp\/v2\/media?parent=33576"}],"curies":[{"name":"wp","href":"https:\/\/api.w.org\/{rel}","templated":true}]}}